{"id":895,"date":"2016-09-26T10:27:19","date_gmt":"2016-09-26T08:27:19","guid":{"rendered":"http:\/\/brandtedelstahldach.de\/?page_id=895"},"modified":"2026-01-05T10:24:11","modified_gmt":"2026-01-05T08:24:11","slug":"edelstahl-rohrschellen","status":"publish","type":"page","link":"https:\/\/brandtedelstahldach.de\/en\/dachentwaesserung-aus-edelstahl\/ferrinox-system\/edelstahl-rohrschellen\/","title":{"rendered":"Edelstahl Rohrschellen"},"content":{"rendered":"<p class=\"qtranxs-available-languages-message qtranxs-available-languages-message-en\">Sorry, this entry is only available in <a href=\"https:\/\/brandtedelstahldach.de\/de\/wp-json\/wp\/v2\/pages\/895\" class=\"qtranxs-available-language-link qtranxs-available-language-link-de\" title=\"Deutsch\">German<\/a>. For the sake of viewer convenience, the content is shown below in the alternative language. You may click the link to switch the active language.<\/p><h1>Hochwertige Edelstahl Rohrschellen<\/h1>\n<h2>In Rund oder kastenform \u2013 die FB Edelstahldach GmbH hat beides<\/h2>\n<h3>Geliefert werden alle Edelstahl Rohrschellen montagefertig: Zwei verschraubte Halbschalen mit Gewindestab und D\u00fcbel<\/h3>\n<div class=\"su-custom-gallery su-custom-gallery-title-never su-lightbox-gallery\"><div class=\"su-custom-gallery-slide\"><a href=\"https:\/\/brandtedelstahldach.de\/wp-content\/uploads\/2016\/01\/rohrschellen05-1.jpg\" title=\"Kastenrohrschelle Edelstahl\"><img src=\"https:\/\/brandtedelstahldach.de\/wp-content\/uploads\/2016\/01\/rohrschellen05-1-90x90.jpg\" alt=\"Kastenrohrschelle Edelstahl\" width=\"90\" height=\"90\" \/><span class=\"su-custom-gallery-title\">Kastenrohrschelle Edelstahl<\/span><\/a><\/div><div class=\"su-custom-gallery-slide\"><a href=\"https:\/\/brandtedelstahldach.de\/wp-content\/uploads\/2016\/01\/rohrschellen00-1.jpg\" title=\"Edelstahl Rohrschellen\"><img src=\"https:\/\/brandtedelstahldach.de\/wp-content\/uploads\/2016\/01\/rohrschellen00-1-90x90.jpg\" alt=\"Edelstahl Rohrschellen\" width=\"90\" height=\"90\" \/><span class=\"su-custom-gallery-title\">Edelstahl Rohrschellen<\/span><\/a><\/div><div class=\"su-custom-gallery-slide\"><a href=\"https:\/\/brandtedelstahldach.de\/wp-content\/uploads\/2016\/01\/rohrschellen01-1.jpg\" title=\"Rohrschellen aus Edelstahl\"><img src=\"https:\/\/brandtedelstahldach.de\/wp-content\/uploads\/2016\/01\/rohrschellen01-1-90x90.jpg\" alt=\"Rohrschellen aus Edelstahl\" width=\"90\" height=\"90\" \/><span class=\"su-custom-gallery-title\">Rohrschellen aus Edelstahl<\/span><\/a><\/div><div class=\"su-custom-gallery-slide\"><a href=\"https:\/\/brandtedelstahldach.de\/wp-content\/uploads\/2016\/01\/rohrschellen03-1.jpg\" title=\"Edelstahl Kastenrohrschellen\"><img src=\"https:\/\/brandtedelstahldach.de\/wp-content\/uploads\/2016\/01\/rohrschellen03-1-90x90.jpg\" alt=\"Edelstahl Kastenrohrschellen\" width=\"90\" height=\"90\" \/><span class=\"su-custom-gallery-title\">Edelstahl Kastenrohrschellen<\/span><\/a><\/div><div class=\"su-custom-gallery-slide\"><a href=\"https:\/\/brandtedelstahldach.de\/wp-content\/uploads\/2016\/01\/rohrschellen04-1.jpg\" title=\"Rohrschelle kastenform\"><img src=\"https:\/\/brandtedelstahldach.de\/wp-content\/uploads\/2016\/01\/rohrschellen04-1-90x90.jpg\" alt=\"Rohrschelle kastenform\" width=\"90\" height=\"90\" \/><span class=\"su-custom-gallery-title\">Rohrschelle kastenform<\/span><\/a><\/div><div class=\"su-clear\"><\/div><\/div>\n<p>Die Firma FB Edelstahldach GmbH \u00fcbernahm damals s\u00e4mtliche Werkzeuge und erforderlichen Maschinen f\u00fcr die Herstellung von Edelstahl Rohrschellen von der Firma J\u00f6cker. Zuvor war Diese Zulieferer f\u00fcr dieses Produkt. Die Werkzeuge und Maschinen wurden komplett \u00fcberholt und ausschlie\u00dflich f\u00fcr die Herstellung von Edelstahl Rohrschellen umgearbeitet. Durch diese Ma\u00dfnahme wurde die Qualit\u00e4t wesentlich verbessert und das Produkt in die ferrinox\u00ae-Produktpalette aufgenommen.<\/p>\n<p>Ferner blieben die Produktvorteile bekannten Rohrschellen auf dem Markt erhalten, so dass es bei der Firma FB Edelstahldach GmbH die M\u00f6glichkeit gibt, Edelstahl Rohrschellen mit beliebig langen Edelstahl-Gewindest\u00e4ben zu beziehen (bis 1000mm). An den ferrinox\u00aeRohrschellen ist eine Kombimuffe angenietet, die das Anschrauben eines M8-\u00a0 sowie auch eines M10-Gewindestabes erlaubt. Standardm\u00e4\u00dfig sind die Rohrschellen mit einem 100mm langen M8-Stift ausgestattet. Dieser kann jedoch problemlos gegen einen Gewindestab bis zu 1000mm L\u00e4nge ausgetauscht werden. Die zwei Halbschalen der Rohrschellen sind mit klassischen A2-Edelstahlschrauben (Werkstoff-Nr. 1.4301) verbunden. Bei der Lieferung dieser Edelstahl Rohrschellen werden Speziald\u00fcbel mitgeliefert (bereits aufgesetzt), die f\u00fcr die Aufnahme des metrischen Gewindes mit der Gr\u00f6\u00dfe M8 geeignet sind. Damit ist die FB Edelstahldach GmbH in der Lage, auch bei einer vorgeh\u00e4ngten Fassade die passenden Rohrschelle mit jeweils passenden Edelstahl-Gewindest\u00e4ben zur Verf\u00fcgung zu stellen. Zum Einsatz kommen standardm\u00e4\u00dfig A2-Edelstahl (Werkstoff-Nr. 1.4301).<\/p>\n<p>Hinweisen m\u00f6chten wir auch darauf, dass sich die Edelstahl Rohrschellen mit jedem f\u00fcr Regenfallrohre verwendeten Baumetall (Zink, Kupfer, Alu) kombinieren lassen, ohne dass eine Kontaktkorrosion auftritt. Dadurch braucht der H\u00e4ndler oder Klempner nur ein Rohrschellen-Material in seinem Lager bevorraten und f\u00e4ngt so die etwas h\u00f6heren Kosten dieser hochwertigen Edelstahl Rohrschellen leicht auf.<\/p>\n<p>Aus Gr\u00fcnden der Optik wird jedoch kaum jemand beispielsweise Regenfallrohre aus Kupfer mit Edelstahl-Rohrschellen kombinieren. Ausnahmen best\u00e4tigen, wie immer, die Regel. So wurden beispielsweise am Hamburger Rathaus f\u00fcr die Befestigung der Kupfer-Regenfallrohre (\u00d8 150mm) Edelstahl Rohrschellen eingesetzt. Bei Regenfallrohren aus Titanzink kann der Verarbeiter mit einer h\u00f6herwertigen Optik und h\u00f6herer Lebensdauer gegen\u00fcber Rohrschellen aus verzinktem Stahl argumentieren.<\/p>\n<h3>ferrinox \u00ae Produktkatalog 2026 runterladen<strong><br \/>\n<\/strong><\/h3>\n<p><a href=\"https:\/\/brandtedelstahldach.de\/wp-content\/uploads\/2024\/01\/Produktkatalog2024_web.pdf\" target=\"_blank\" rel=\"noopener noreferrer\"><img loading=\"lazy\" class=\"alignnone wp-image-366 size-full\" src=\"https:\/\/brandtedelstahldach.de\/wp-content\/uploads\/2016\/01\/download-PDF-1.png\" alt=\"download-PDF\" width=\"231\" height=\"72\" \/><\/a>","protected":false},"excerpt":{"rendered":"<p>Sorry, this entry is only available in German. For the sake of viewer convenience, the content is shown below in the alternative language. You may click the link to switch the active language.Hochwertige Edelstahl Rohrschellen In Rund oder kastenform \u2013 die FB Edelstahldach GmbH hat beides Geliefert werden alle Edelstahl Rohrschellen montagefertig: Zwei verschraubte Halbschalen [&hellip;]<\/p>\n","protected":false},"author":1,"featured_media":245,"parent":47,"menu_order":0,"comment_status":"closed","ping_status":"closed","template":"","meta":[],"_links":{"self":[{"href":"https:\/\/brandtedelstahldach.de\/en\/wp-json\/wp\/v2\/pages\/895"}],"collection":[{"href":"https:\/\/brandtedelstahldach.de\/en\/wp-json\/wp\/v2\/pages"}],"about":[{"href":"https:\/\/brandtedelstahldach.de\/en\/wp-json\/wp\/v2\/types\/page"}],"author":[{"embeddable":true,"href":"https:\/\/brandtedelstahldach.de\/en\/wp-json\/wp\/v2\/users\/1"}],"replies":[{"embeddable":true,"href":"https:\/\/brandtedelstahldach.de\/en\/wp-json\/wp\/v2\/comments?post=895"}],"version-history":[{"count":26,"href":"https:\/\/brandtedelstahldach.de\/en\/wp-json\/wp\/v2\/pages\/895\/revisions"}],"predecessor-version":[{"id":2200,"href":"https:\/\/brandtedelstahldach.de\/en\/wp-json\/wp\/v2\/pages\/895\/revisions\/2200"}],"up":[{"embeddable":true,"href":"https:\/\/brandtedelstahldach.de\/en\/wp-json\/wp\/v2\/pages\/47"}],"wp:featuredmedia":[{"embeddable":true,"href":"https:\/\/brandtedelstahldach.de\/en\/wp-json\/wp\/v2\/media\/245"}],"wp:attachment":[{"href":"https:\/\/brandtedelstahldach.de\/en\/wp-json\/wp\/v2\/media?parent=895"}],"curies":[{"name":"wp","href":"https:\/\/api.w.org\/{rel}","templated":true}]}}