{"id":709,"date":"2016-05-17T14:44:33","date_gmt":"2016-05-17T12:44:33","guid":{"rendered":"http:\/\/brandtedelstahldach.de\/?page_id=709"},"modified":"2026-01-13T09:38:12","modified_gmt":"2026-01-13T07:38:12","slug":"fallrohre-aus-edelstahl","status":"publish","type":"page","link":"https:\/\/brandtedelstahldach.de\/en\/dachentwaesserung-aus-edelstahl\/ferrinox-system\/fallrohre-aus-edelstahl\/","title":{"rendered":"Stainless steel downpipes"},"content":{"rendered":"<div id=\"su_slider_69e76519f238d\" class=\"su-slider su-slider-centered su-slider-pages-yes su-slider-responsive-yes\" style=\"width:100%\" data-autoplay=\"3000\" data-speed=\"600\" data-mousewheel=\"false\"><div class=\"su-slider-slides\"><div class=\"su-slider-slide\"><a><img src=\"https:\/\/brandtedelstahldach.de\/wp-content\/uploads\/2016\/05\/03-2-1000x400.jpg\" alt=\"verzinnte Fallrohre, Rohrb\u00f6gen, Einhangstutzen\" \/><span class=\"su-slider-slide-title\">verzinnte Fallrohre, Rohrb\u00f6gen, Einhangstutzen<\/span><\/a><\/div><div class=\"su-slider-slide\"><a><img src=\"https:\/\/brandtedelstahldach.de\/wp-content\/uploads\/2016\/05\/01-2-1000x400.jpg\" alt=\"walzmattierte Fallrohre, Rohrb\u00f6gen, Rinnenkasten\" \/><span class=\"su-slider-slide-title\">walzmattierte Fallrohre, Rohrb\u00f6gen, Rinnenkasten<\/span><\/a><\/div><div class=\"su-slider-slide\"><a><img src=\"https:\/\/brandtedelstahldach.de\/wp-content\/uploads\/2016\/05\/02-2-1000x400.jpg\" alt=\"walzblanke Fallrohre, Rohrb\u00f6gen, Einhangstutzen\" \/><span class=\"su-slider-slide-title\">walzblanke Fallrohre, Rohrb\u00f6gen, Einhangstutzen<\/span><\/a><\/div><\/div><div class=\"su-slider-nav\"><div class=\"su-slider-direction\"><span class=\"su-slider-prev\"><\/span><span class=\"su-slider-next\"><\/span><\/div><div class=\"su-slider-pagination\"><\/div><\/div><\/div>\n<h1><strong>Stainless steel downpipes made in Germany<\/strong><\/h1>\n<h2><strong>Down-pipes are inevitable for roof drainage <\/strong><\/h2>\n<p>Rainwater down-pipes are vertically shorted pipes which are fitted for roof drainage and wastewater outfall inside and outside of buildings. They serve for a deduction of rainwater out of gutters. Down-pipes for roof drainage should be constructed the way that rain showers with an amount of precipitation of 60\u2013100 l\/(h\u00d7m\u00b2) can be deducted. Down-pipes from FB Edelstahldach GmbH converge conically and can easily be put together. In order to avoid a possible weld seam corrosion downpipes out of stainless steel are folded.<\/p>\n<h3><strong>FB Edelstahldach GmbH offers stainless steel down-pipes in: <\/strong><\/h3>\n<ul>\n<li>Round and box typed finish<\/li>\n<li>Material numbers: 1.4404, 1.4301, 1.4509, 1.4521<\/li>\n<li>Various surfaces (tinned, matt-finished, bright)<\/li>\n<li>2m length<\/li>\n<li>Folded<\/li>\n<li>Conical finish (on demand also with seam)<\/li>\n<li>All usual stainless steel dimensions (\u00d860, \u00d880, \u00d8100, \u00d8120, \u00d8150)<\/li>\n<li><\/li>\n<\/ul>\n<h3><strong>With our roof drainage system ferrinox\u00ae FB Edelstahldach GmbH offers suitable accessories:<\/strong><\/h3>\n<ul>\n<li>Pipe clamps<\/li>\n<li>Sockets<\/li>\n<li>Sliding collars<\/li>\n<li>Splicing sleeves<\/li>\n<li>Hopper sockets<\/li>\n<li>Pipe sheets and brackets<\/li>\n<li>Stand pipes<\/li>\n<li>etc.<\/li>\n<\/ul>","protected":false},"excerpt":{"rendered":"<p>Stainless steel downpipes made in Germany Down-pipes are inevitable for roof drainage Rainwater down-pipes are vertically shorted pipes which are fitted for roof drainage and wastewater outfall inside and outside of buildings. They serve for a deduction of rainwater out of gutters. Down-pipes for roof drainage should be constructed the way that rain showers with [&hellip;]<\/p>\n","protected":false},"author":1,"featured_media":722,"parent":47,"menu_order":0,"comment_status":"closed","ping_status":"closed","template":"","meta":[],"_links":{"self":[{"href":"https:\/\/brandtedelstahldach.de\/en\/wp-json\/wp\/v2\/pages\/709"}],"collection":[{"href":"https:\/\/brandtedelstahldach.de\/en\/wp-json\/wp\/v2\/pages"}],"about":[{"href":"https:\/\/brandtedelstahldach.de\/en\/wp-json\/wp\/v2\/types\/page"}],"author":[{"embeddable":true,"href":"https:\/\/brandtedelstahldach.de\/en\/wp-json\/wp\/v2\/users\/1"}],"replies":[{"embeddable":true,"href":"https:\/\/brandtedelstahldach.de\/en\/wp-json\/wp\/v2\/comments?post=709"}],"version-history":[{"count":44,"href":"https:\/\/brandtedelstahldach.de\/en\/wp-json\/wp\/v2\/pages\/709\/revisions"}],"predecessor-version":[{"id":2206,"href":"https:\/\/brandtedelstahldach.de\/en\/wp-json\/wp\/v2\/pages\/709\/revisions\/2206"}],"up":[{"embeddable":true,"href":"https:\/\/brandtedelstahldach.de\/en\/wp-json\/wp\/v2\/pages\/47"}],"wp:featuredmedia":[{"embeddable":true,"href":"https:\/\/brandtedelstahldach.de\/en\/wp-json\/wp\/v2\/media\/722"}],"wp:attachment":[{"href":"https:\/\/brandtedelstahldach.de\/en\/wp-json\/wp\/v2\/media?parent=709"}],"curies":[{"name":"wp","href":"https:\/\/api.w.org\/{rel}","templated":true}]}}