{"id":70,"date":"2016-01-06T09:58:47","date_gmt":"2016-01-06T07:58:47","guid":{"rendered":"http:\/\/neu.brandtedelstahldach.de\/?page_id=70"},"modified":"2024-01-23T15:00:22","modified_gmt":"2024-01-23T13:00:22","slug":"das-unternehmen","status":"publish","type":"page","link":"https:\/\/brandtedelstahldach.de\/en\/das-unternehmen\/","title":{"rendered":"The company"},"content":{"rendered":"<p class=\"qtranxs-available-languages-message qtranxs-available-languages-message-en\">Sorry, this entry is only available in <a href=\"https:\/\/brandtedelstahldach.de\/de\/wp-json\/wp\/v2\/pages\/70\" class=\"qtranxs-available-language-link qtranxs-available-language-link-de\" title=\"Deutsch\">German<\/a>. For the sake of viewer convenience, the content is shown below in the alternative language. You may click the link to switch the active language.<\/p><h1><img loading=\"lazy\" class=\"alignnone wp-image-1154 size-full\" src=\"http:\/\/brandtedelstahldach.de\/wp-content\/uploads\/2016\/01\/unternehmen_header-2.jpg\" alt=\"\" width=\"1169\" height=\"288\" srcset=\"https:\/\/brandtedelstahldach.de\/wp-content\/uploads\/2016\/01\/unternehmen_header-2.jpg 1169w, https:\/\/brandtedelstahldach.de\/wp-content\/uploads\/2016\/01\/unternehmen_header-2-300x74.jpg 300w, https:\/\/brandtedelstahldach.de\/wp-content\/uploads\/2016\/01\/unternehmen_header-2-768x189.jpg 768w, https:\/\/brandtedelstahldach.de\/wp-content\/uploads\/2016\/01\/unternehmen_header-2-1024x252.jpg 1024w\" sizes=\"(max-width: 1169px) 100vw, 1169px\" \/><\/h1>\n<h1>FB Edelstahldach GmbH<\/h1>\n<h2>Der Marktpionier f\u00fcr Dacheindeckung und Dachentw\u00e4sserung aus Edelstahl im Hochbau<\/h2>\n<h3>Marktf\u00fchrend f\u00fcr Dachentw\u00e4sserung aus Edelstahl mit dem System-Produkt ferrinox\u00ae<\/h3>\n<p>Die FB Edelstahldach GmbH ist der Marktpionier f\u00fcr Dacheindeckung und Dachentw\u00e4sserung aus Edelstahl im Hochbau. Marktf\u00fchrend f\u00fcr Dachentw\u00e4sserung aus Edelstahl mit dem System-Produkt ferrinox\u00ae.<\/p>\n<p>Des Weiteren steht die FB Edelstahldach GmbH (ehem. BRANDT Edelstahldach GmbH) f\u00fcr erstklassige Beratung f\u00fcr den Werkstoff Edelstahl und produziert die Dachentw\u00e4sserung aus Edelstahl, wie Dachrinnen, Fallrohr, etc. und kann ebenso das entsprechende Zubeh\u00f6r aus Edelstahl aus einer Hand liefern. Somit bleibt die Qualit\u00e4t stets erhalten.<\/p>\n<div id=\"attachment_1396\" style=\"width: 1034px\" class=\"wp-caption alignnone\"><img aria-describedby=\"caption-attachment-1396\" loading=\"lazy\" class=\"wp-image-1396 size-large\" src=\"https:\/\/brandtedelstahldach.de\/wp-content\/uploads\/2016\/01\/made_in_germany-1024x372.jpg\" alt=\"\" width=\"1024\" height=\"372\" srcset=\"https:\/\/brandtedelstahldach.de\/wp-content\/uploads\/2016\/01\/made_in_germany-1024x372.jpg 1024w, https:\/\/brandtedelstahldach.de\/wp-content\/uploads\/2016\/01\/made_in_germany-300x109.jpg 300w, https:\/\/brandtedelstahldach.de\/wp-content\/uploads\/2016\/01\/made_in_germany-768x279.jpg 768w, https:\/\/brandtedelstahldach.de\/wp-content\/uploads\/2016\/01\/made_in_germany.jpg 1169w\" sizes=\"(max-width: 1024px) 100vw, 1024px\" \/><p id=\"caption-attachment-1396\" class=\"wp-caption-text\">MADE IN GERMANY<\/p><\/div>\n<p><strong>Firmengeschichte<\/strong><br \/>\n\u00dcber 40 Jahre BRANDT Edelstahldach GmbH \u2013 Der Marktpionier f\u00fcr Dacheindeckung aus Edelstahl. Die heutige Firma <strong>BRANDT Edelstahldach GmbH<\/strong> wurde 1975 gegr\u00fcndet. Das Unternehmen besch\u00e4ftigt sich mit dem Vertrieb und Handel von Entw\u00e4sserung und Dacheindeckung aus Edelstahl. So kann man heute davon sprechen, dass die Firma <strong>BRANDT Edelstahldach GmbH<\/strong> zu den Pionieren bei der Einf\u00fchrung von Edelstahl in diesem Bereich z\u00e4hlt.<\/p>\n<p>Das Unternehmen wurde 1987 zu einer Produktionsgesellschaft umstrukturiert. Man sorgte intensiv und mit Erfolg daf\u00fcr, dass Edelstahl zu einem selbstverst\u00e4ndlichen Werkstoff bei Dachentw\u00e4sserungen und Dacheindeckung wurde. In enger Zusammenarbeit mit Verarbeitern (Klempner \/ Dachdecker) und Verb\u00e4nden entwickelte man ein praxisorientiertes Dachentw\u00e4sserungsprogramm, das heute als ausgereiftes System \u201cferrinox\u00ae\u201d \u00fcberall bekannt ist. So wurde f\u00fcr den Verarbeiter eine komplette, in sich kompatible Palette aus einer Hand erstellt, bestehend aus Dachrinnen, Fallrohren und dem entsprechenden Zubeh\u00f6r. Auch f\u00fcr Dacheindeckungen sind B\u00e4nder oder vorprofilierte Scharen sowie Befestigungshafte aus Edelstahl erh\u00e4ltlich.<\/p>\n<blockquote><p><em>Was heute selbstverst\u00e4ndlich ist, begann einmal mit vielen Hindernissen. Edelstahl im Hochbau.<\/em><\/p><\/blockquote>\n<h3>Der Marktpionier dieses Werkstoffes \u2013 Brandt Edelstahldach GmbH \u2013 erinnert sich.<\/h3>\n<p>Edelstahl als Werkstoff f\u00fcr Dachentw\u00e4sserung und Dacheindeckung hat in Deutschland eine sehr junge Geschichte. So richtig begann sie in den siebziger Jahren, als sich die Firma <strong>BRANDT Edelstahldach GmbH<\/strong> in K\u00f6ln-Porz dieses Materials annahm und sich ausschlie\u00dflich darauf spezialisierte.Sie wurde 1975 von Peter Brandt gegr\u00fcndet<\/p>\n<h3>Ein langer Weg<\/h3>\n<p>1987, 12 Jahre nach der Firmengr\u00fcndung, \u00fcbernahm <strong>Gert Br\u00f6hl<\/strong> die Firmenleitung. Mit viel Elan und Schaffenskraft strukturierte er die bisherige Vertriebsgesellschaft zu einer Produktionsgesellschaft um. In enger Zusammenarbeit mit Verarbeitern und Verb\u00e4nden entwickelte er mit seinem Team das praxisorientierte Dachentw\u00e4sserungsprogramm <strong>ferrinox\u00ae<\/strong>.<\/p>\n<p>Vorausgegangen war dem aber ein langer Weg, bevor sich der Werkstoff Edelstahl durchsetzen konnte. Die Firma\u00a0<strong>BRANDT Edelstahldach GmbH<\/strong> war zum Beispiel bei der Erarbeitung von entsprechenden DIN\/EN-Normen ma\u00dfgeblich beteiligt, f\u00fchrte und f\u00fchrt noch heute Vortr\u00e4ge und Schulungen an Schulen und bei Hausmessen durch und setzt sich weiter konsequent f\u00fcr das Material ein. Noch heute erinnern sich die Beteiligten an die damals z\u00e4hen Diskussion \u00fcber die Werkstoffdicke, die anhand der Normen f\u00fcr die Festigkeit von Edelstahl zu dick gew\u00e4hlt wurden, denn Edelstahl kommt bei gleichen Qualit\u00e4tsanspr\u00fcchen mit 0,4 bis 0,5mm aus \u2013 in der Diskussion aber waren Werkstoffdicken von 0,7mm und mehr.<\/p>","protected":false},"excerpt":{"rendered":"<p>Sorry, this entry is only available in German. For the sake of viewer convenience, the content is shown below in the alternative language. You may click the link to switch the active language. FB Edelstahldach GmbH Der Marktpionier f\u00fcr Dacheindeckung und Dachentw\u00e4sserung aus Edelstahl im Hochbau Marktf\u00fchrend f\u00fcr Dachentw\u00e4sserung aus Edelstahl mit dem System-Produkt ferrinox\u00ae [&hellip;]<\/p>\n","protected":false},"author":1,"featured_media":12,"parent":0,"menu_order":0,"comment_status":"closed","ping_status":"closed","template":"","meta":[],"_links":{"self":[{"href":"https:\/\/brandtedelstahldach.de\/en\/wp-json\/wp\/v2\/pages\/70"}],"collection":[{"href":"https:\/\/brandtedelstahldach.de\/en\/wp-json\/wp\/v2\/pages"}],"about":[{"href":"https:\/\/brandtedelstahldach.de\/en\/wp-json\/wp\/v2\/types\/page"}],"author":[{"embeddable":true,"href":"https:\/\/brandtedelstahldach.de\/en\/wp-json\/wp\/v2\/users\/1"}],"replies":[{"embeddable":true,"href":"https:\/\/brandtedelstahldach.de\/en\/wp-json\/wp\/v2\/comments?post=70"}],"version-history":[{"count":72,"href":"https:\/\/brandtedelstahldach.de\/en\/wp-json\/wp\/v2\/pages\/70\/revisions"}],"predecessor-version":[{"id":2067,"href":"https:\/\/brandtedelstahldach.de\/en\/wp-json\/wp\/v2\/pages\/70\/revisions\/2067"}],"wp:featuredmedia":[{"embeddable":true,"href":"https:\/\/brandtedelstahldach.de\/en\/wp-json\/wp\/v2\/media\/12"}],"wp:attachment":[{"href":"https:\/\/brandtedelstahldach.de\/en\/wp-json\/wp\/v2\/media?parent=70"}],"curies":[{"name":"wp","href":"https:\/\/api.w.org\/{rel}","templated":true}]}}