{"id":7,"date":"2016-01-06T09:11:01","date_gmt":"2016-01-06T07:11:01","guid":{"rendered":"http:\/\/neu.brandtedelstahldach.de\/?page_id=7"},"modified":"2024-01-04T09:20:15","modified_gmt":"2024-01-04T07:20:15","slug":"agb","status":"publish","type":"page","link":"https:\/\/brandtedelstahldach.de\/en\/agb\/","title":{"rendered":"AGB"},"content":{"rendered":"<h1>Verkaufs-, Zahlungs- und Lieferbedingungen<\/h1>\n<p><strong>\u00a7 1 Allgemeines &#8211; Geltungsbereich<\/strong><br \/>\n1. Unsere Lieferungen, Leistungen und Angebote erfolgen ausschlie\u00dflich aufgrund dieser Gesch\u00e4ftsbedingungen. Diese gelten somit auch f\u00fcr alle k\u00fcnftigen Gesch\u00e4ftsbeziehungen, auch wenn sie nicht nochmals ausdr\u00fccklich vereinbart werden. Sp\u00e4testens mit der Entgegennahme der Ware oder Leistung gelten diese Bedingungen als angenommen. Entgegenstehende oder von unseren Gesch\u00e4ftsbedingungen abweichende Bedingungen des Bestellers erkennen wir nicht an, es sei denn, wir hatten schriftlich ihrer Geltung zugestimmt. Unsere Gesch\u00e4ftsbedingungen gelten auch, wenn wir in Kenntnis entgegenstehender oder von unseren Verkaufsbedingungen abweichender Bedingungen des Bestellers die Lieferung vorbehaltlos ausf\u00fchren. Gegenbest\u00e4tigungen des Bestellers unter Hinweis auf seine Gesch\u00e4fts- bzw. Einkaufsbedingungen wird hiermit widersprochen.<br \/>\n2. Alle Vereinbarungen, die zwischen uns und dem Besteller zwecks Ausf\u00fchrung dieses Vertrages getroffen werden, sind schriftlich niederzulegen. M\u00fcndliche bei Vertragsabschluss getroffene Nebenabreden binden uns nicht.<br \/>\n3. Unsere Gesch\u00e4ftsbedingungen gelten nur gegen\u00fcber Unternehmer im Sinne von \u00a7 14 BGB sowie juristischen Personen des \u00f6ffentlichen Rechts und \u00f6ffentlichrechtlichen Sonderverm\u00f6gen.<\/p>\n<p><strong>\u00a7 2 Angebot und Vertragsabschluss<\/strong><br \/>\n1. Unsere Angebote sind freibleibend und unverbindlich. Annahmeerkl\u00e4rungen und s\u00e4mtliche Bestellungen bed\u00fcrfen unserer schriftlichen oder fernschriftlichen Best\u00e4tigung.<br \/>\n2. Zeichnungen, Abbildungen, Ma\u00dfe, Gewichte oder sonstige Leistungsdaten sind nur verbindlich, wenn dies ausdr\u00fccklich schriftlich vereinbart wird.<br \/>\n3. Unsere Verkaufsangestellten sind nicht befugt, m\u00fcndliche Nebenabreden zu treffen oder m\u00fcndliche Zusicherungen zu geben, die \u00fcber den Inhalt des schriftlichen Vertrages hinausgehen.<\/p>\n<p><strong>\u00a7 3 Preise &#8211; Zahlungsbedingungen<\/strong><br \/>\n1. Es gelten die Preise in der jeweils aktuellen Preisliste. Die Preise gelten ab Lager zuz\u00fcglich der gesetzlichen Mehrwertsteuer.<br \/>\n2. Unsere Rechnungsbetr\u00e4ge sind innerhalb von 20 Tagen ab Rechnungsdatum ohne Abzug zahlbar. Bei einer Zahlung innerhalb von 10 Tagen ab Rechnungsdatum kann der Besteller 2% Skonto in Abzug bringen.<br \/>\n3. Wir sind berechtigt, trotz anderslautender Bestimmungen des Be- stellers Zahlungen zun\u00e4chst auf dessen \u00e4ltere Schulden anzurechnen. Wir werden hier\u00fcber den Besteller informieren. Sind bereits Kosten und Zinsen entstanden, so sind wir<br \/>\nberechtigt, die Zahlung zun\u00e4chst auf die Kosten, dann auf die Zinsen und zuletzt auf die Hauptleistung anzurechnen.<br \/>\n4. Eine Zahlung gilt erst dann als erfolgt, wenn wir \u00fcber den Betrag verf\u00fcgen k\u00f6nnen. Im Falle von Schecks gilt die Zahlung erst als erfolgt, wenn der Scheck eingel\u00f6st wird.<br \/>\n5. Ger\u00e4t der Besteller in Verzug, so sind wir berechtigt, von dem betreffenden Zeitpunkt an Zinsen in H\u00f6he von 8 Prozentpunkten \u00fcber dem jeweiligen Basiszinssatz zu verlangen.<br \/>\n6. Werden uns Umst\u00e4nde bekannt, die die Kreditw\u00fcrdigkeit des K\u00e4ufers in Frage stellen, insbesondere ein Scheck nicht eingel\u00f6st wird oder er seine Zahlungen einstellt, oder wenn uns andere Umst\u00e4nde bekannt werden, die die Kreditw\u00fcrdigkeit<br \/>\ndes Bestellers in Frage stellen, sind wir berechtigt, die gesamte Restschuld f\u00e4llig zu stellen und noch ausstehende Lieferungen nur Zug um Zug gegen Zahlung auszuf\u00fchren.<br \/>\n7. Aufrechnungsrechte stehen dem Besteller nur zu, wenn seine Gegenanspr\u00fcche rechtskr\u00e4ftig festgestellt oder unstreitig sind. Au\u00dferdem ist er zur Aus\u00fcbung eines Zur\u00fcckbehaltungsrechts nur dann insoweit befugt, als ein Gegenanspruch auf<br \/>\ndem gleichen Vertragsverh\u00e4ltnis beruht.<br \/>\n8. Wir sind befugt, unsere Anspr\u00fcche aus der jeweiligen Gesch\u00e4ftsverbindung abzutreten.<\/p>\n<p><strong>\u00a7 4 Lieferfristen &#8211; Leistungszeit<\/strong><br \/>\n1. Liefertermine oder -fristen, die verbindlich oder unverbindlich vereinbart werden k\u00f6nnen, bed\u00fcrfen der Schriftform.<br \/>\n2. Lieferfristen und Liefertermine beziehen sich auf den Zeitpunkt der Absendung der Ware und sind mit termingerechter Meldung der Versandbereitschaft der Ware eingehalten.<br \/>\n3. Kommt der Besteller in Annahmeverzug oder verletzt er schuldhaft sonstige Mitwirkungspflichten, verl\u00e4ngern sich Lieferfristen bzw. verschieben sich Liefertermine um den Zeitraum, in dem der Besteller seinen Verpflichtungen nicht nachkommt. Wir sind berechtigt, den uns insoweit entstehenden Schaden, einschlie\u00dflich etwaiger Mehraufwendungen ersetzt zu verlangen. Weitergehende Anspr\u00fcche bleiben vorbehalten. Dar\u00fcber hinaus geht die Gefahr eines zuf\u00e4lligen Untergangs oder einer zuf\u00e4lligen Verschlechterung der Kaufsache in dem Zeitpunkt auf den Besteller \u00fcber, in dem dieser in Annahme- oder Schuldnerverzug geraten ist.<br \/>\n4. Liefer- und Leistungsverz\u00f6gerungen aufgrund h\u00f6herer Gewalt und aufgrund von Ereignissen, die uns die Lieferung nicht nur vor\u00fcbergehend wesentlich erschwert oder unm\u00f6glich macht, hierzu geh\u00f6ren insbesondere Streik, Aussperrung,<br \/>\nbeh\u00f6rdliche Anordnungen usw., auch wenn sie bei unseren Lieferanten oder deren Unterlieferanten eintreten, haben wir auch bei verbindlich vereinbarten Fristen oder Terminen nicht zu vertreten. Sie berechtigen uns, die Lieferung bzw.<br \/>\nLeistung um die Dauer der Behinderung zuz\u00fcglich einer angemessenen Anlaufzeit hinauszuschieben oder wegen des noch nicht erf\u00fcllten Teils ganz oder teilweise vom Vertrag zur\u00fcckzutreten.<br \/>\n5. Wenn die Behinderung l\u00e4nger als 3 Monate dauert, ist der Besteller nach angemessener Nachfristsetzung berechtigt, hinsichtlich des noch nicht erf\u00fcllten Teils vom Vertrag zur\u00fcckzutreten. Verl\u00e4ngert sich die Lieferzeit oder werden wir<br \/>\nvon unserer Verpflichtung frei, so kann der Besteller hieraus keine Schadenersatzanspr\u00fcche herleiten. Auf die genannten Umst\u00e4nde k\u00f6nnen wir uns nur berufen, wenn wir den Besteller unverz\u00fcglich benachrichtigen.<br \/>\n6. Sofern wir die Nichteinhaltung verbindlich zugesagter Fristen und Termine zu vertreten haben, oder uns in Verzug befinden, hat der Besteller Anspruch auf eine Verzugsentsch\u00e4digung in H\u00f6he von 0,5% f\u00fcr jede vollendete Woche des Verzuges,<br \/>\ninsgesamt jedoch h\u00f6chstens bis zu 5% des Rechnungswertes der vom Verzug betroffenen Lieferungen und Leistungen. Dar\u00fcber hinaus gehende Anspr\u00fcche sind ausgeschlossen. Es sei denn, der Verzug beruht auf zumindestens grober Fahrl\u00e4ssigkeit unsererseits.<br \/>\n7. Wir sind zu Teillieferungen und Teilleistungen jederzeit berechtigt, es sei denn, die Teillieferung oder Teilleistung ist f\u00fcr den Besteller nicht von Interesse.<br \/>\n8. Es besteht kein Anspruch auf R\u00fccknahme von Bauteilen und gelieferten Waren. Sollten wir Bauteile zur\u00fccknehmen, sind wir berechtigt, 20% des Vertragspreises f\u00fcr Bearbeitung und Aufarbeitungskosten zu berechnen, sowie zus\u00e4tzlich Transportkosten erstattet zu verlangen.<\/p>\n<p><strong>\u00a7 5 Gefahren\u00fcbergang<\/strong><br \/>\n1. Unsere Lieferungen erfolgen ab Lager.<br \/>\n2. Ist eine Abnahme vereinbart, kann sie am Ort der Auslieferung sofort nach Meldung der Abnahmebereitschaft erfolgen. Etwa mit ihr verbundene Kosten tr\u00e4gt der Besteller auf der Basis orts\u00fcblicher Preise. Erfolgt die Abnahme nicht, nicht<br \/>\nrechtzeitig oder nicht vollst\u00e4ndig, sind wir berechtigt, die Ware ohne Abnahme zu versenden oder auf Kosten und Gefahr des Bestellers zu lagern. Die Ware gilt als angenommen und kann von uns als geliefert in Rechnung gestellt werden.<br \/>\n3. Mit der \u00dcbergabe der Ware an den Spediteur, Schiff- oder Frachtf\u00fchrer, sp\u00e4testens jedoch mit Verlassen unseres Lagers, geht die Gefahr auf den Besteller \u00fcber. Verz\u00f6gert sich die Versendung aus Gr\u00fcnden, die beim Besteller liegen, erfolgt der<br \/>\nGefahren\u00fcbergang mit Anzeige der Versandbereitschaft. Die Ware wird auf Kosten und Gefahr des Bestellers gelagert und kann von uns als geliefert in Rechnung gestellt werden.<br \/>\n4. Die Lieferung erfolgt verpackungsfrei.<br \/>\n5. Lieferungen ab einem Nettowarenwert von 1.500,00 erfolgen frei. Bei Abnahme von Waren unter 255,00 (Warenwert ohne Mehrwert- steuer) berechnen wir einen Minderzuschlag von 10%, bezogen auf den Nettowarenwert.<br \/>\n6. Eine Versicherung gegen Transportsch\u00e4den und andere Risiken erfolgt f\u00fcr Rechnung des Bestellers nur auf dessen Auftrag.<\/p>\n<p><strong>\u00a7 6 M\u00e4ngelhaftung<\/strong><br \/>\n1. M\u00e4ngelanspr\u00fcche des Bestellers setzen voraus, dass dieser seinen nach \u00a7 377 HGB geschuldeten Untersuchungs- und R\u00fcgeobligenheiten ordnungsgem\u00e4\u00df nachgekommen ist.<br \/>\n2. Im Falle einer Mitteilung des Bestellers, dass die gelieferten Produkte einen Mangel aufweisen, sind wir nach unserer Wahl zur Nacherf\u00fcllung in Form einer Mangelbeseitigung oder zur Lieferung einer neuen, mangelfreien Sache berechtigt.<br \/>\nIm Falle der Mangelbeseitigung sind wir verpflichtet, alle zum Zweck der Mangelbeseitigung erforderlichen Aufwendungen, insbesondere Transport, -wege, Arbeits- und Materialkosten zu tragen. Falls der Besteller verlangt, dass Nachbesserungsarbeiten an einem von ihm bestimmten Ort vorgenommen werden, k\u00f6nnen wir diesem Verlangen entsprechen, wobei Arbeitszeit und Reisekosten vom Besteller zu bezahlen sind.<br \/>\n3. Schl\u00e4gt die Nachbesserung nach angemessener Frist fehl, kann der Besteller nach seiner Wahl Herabsetzung der Verg\u00fctung verlangen oder vom Vertrag zur\u00fccktreten.<br \/>\n4. Die Verj\u00e4hrungsfrist f\u00fcr die Geltendmachung der M\u00e4ngelanspr\u00fcche betr\u00e4gt ein Jahr ab Lieferung der Produkte. Die Verj\u00e4hrungsfrist im Fall eines Lieferregresses nach den \u00a7\u00a7 478, 479 BGB bleibt hiervon unber\u00fchrt.<br \/>\n<strong>\u00a7 7 Haftung<\/strong><br \/>\n1. Schadenersatzanspr\u00fcche sind unabh\u00e4ngig von der Art der Pflichtverletzung, einschlie\u00dflich unerlaubter Handlungen, ausgeschlossen, soweit nicht vors\u00e4tzliches oder grob fahrl\u00e4ssiges Handeln vorliegt.<br \/>\n2. Bei Verletzung wesentlicher Vertragspflichten haften wir f\u00fcr jede Fahrl\u00e4ssigkeit, jedoch nur bis H\u00f6he des vorhersehbaren Schadens. Anspr\u00fcche auf entgangenen Gewinn, ersparte Aufwendungen, aus Schadensersatzanspr\u00fcchen Dritter sowie<br \/>\nauf sonstige mittelbare und Folgesch\u00e4den k\u00f6nnen nicht verlangt werden, es sei denn, ein von uns garantiertes Beschaffenheitsmerkmal bezweckt gerade den Besteller gegen solche Sch\u00e4den abzusichern.<br \/>\n3. Die Haftungsbeschr\u00e4nkungen und -ausschl\u00fcsse in den Abs\u00e4tzen 1 und 2 gelten nicht f\u00fcr Anspr\u00fcche, die wegen arglistigen Verhaltens unsererseits entstanden sind sowie bei einer Haftung f\u00fcr garantierte Beschaffungsmerkmale, f\u00fcr Anspr\u00fcche nach dem Produkthaftungsgesetz sowie Sch\u00e4den aus der Verletzung des Lebens, des K\u00f6rpers oder der Gesundheit.<br \/>\n4. Soweit unsere Haftung ausgeschlossen oder beschr\u00e4nkt ist, gilt dies auch f\u00fcr unsere Angestellten, Arbeitnehmer, Vertreter und Erf\u00fcllungsgehilfen.<br \/>\n<strong>\u00a7 8 Eigentumsvorbehalt<\/strong><br \/>\n1. Bis zur Erf\u00fcllung aller Forderungen (einschlie\u00dflich s\u00e4mtlicher Saldoforderungen aus Kontokorrent), die uns aus jedem Rechtsgrund gegen den Besteller jetzt oder k\u00fcnftig zustehen, werden uns die folgenden Sicherheiten gew\u00e4hrt, die wir auf<br \/>\nVerlangen nach unserer Wahl freigeben werden, soweit ihr Wert die Forderungen nachhaltig um mehr als 10% \u00fcbersteigt.<br \/>\n2. Wird die Ware mit anderen, uns nicht geh\u00f6renden Gegenst\u00e4nden verbunden oder vermischt (\u00a7\u00a7 947, 948 BGB), so erwerben wir das Miteigentum an der einheitlichen Sache im Verh\u00e4ltnis des Wertes der Kaufsache (Rechnungsbetrag<br \/>\neinschlie\u00dflich Mehrwertsteuer) zu den anderen vermischten\/verbundenen Gegenst\u00e4nden zum Zeitpunkt der Verbindung\/Vermischung. Erlischt unser (Mit-) Eigentum durch Verbindung\/Vermischung, so wird bereits jetzt vereinbart, dass<br \/>\ndas (Mit-)Eigentum des Bestellers an der einheitlichen Sache wertanteilm\u00e4\u00dfig (Rechnungsbetrag einschlie\u00dflich Mehrwertsteuer) auf uns \u00fcbergeht. Der Besteller verwahrt unser (Mit-)Eigentum unentgeltlich. Ware, an der uns (Mit-)Eigentum zusteht, wird im Folgenden als Vorbehaltsware bezeichnet.<br \/>\n3. Der Besteller ist berechtigt, die Vorbehaltsware im ordnungsgem\u00e4\u00dfen Gesch\u00e4ftsverkehr zu verarbeiten und zu ver\u00e4u\u00dfern, solange er nicht im Verzug ist. Verpf\u00e4ndungen oder Sicherheits\u00fcbereignungen sind unzul\u00e4ssig. Die aus dem<br \/>\nWeiterverkauf oder aus einem sonstigen Rechtsgrund (Versicherung, unerlaubter Handlung) bez\u00fcglich der Vorbehaltsware entstehenden Forderungen (einschlie\u00dflich s\u00e4mtlicher Saldoforderungen aus Kontokorrent) tritt der Besteller bereits jetzt sicherheitshalber in vollem Umfang an uns ab. Wir erm\u00e4chtigen den Besteller widerruflich, die an uns abgetretenen Forderungen f\u00fcr dessen Rechnung im eigenen Namen einzuziehen. Diese Einziehungserm\u00e4chtigung kann widerrufen werden, wenn der Besteller seinen Zahlungsverpflichtungen nicht ordnungsgem\u00e4\u00df nachkommt.<br \/>\n4. Bei Zugriffen Dritter auf die Vorbehaltsware, insbesondere Pf\u00e4ndun- gen, wird der Besteller auf unser Eigentum hinweisen und uns unverz\u00fcglich benachrichtigen, damit wir unsererseits unsere Eigentumsrechte durchsetzen k\u00f6nnen. Soweit<br \/>\nder Dritte nicht in der Lage ist, uns die in diesem Zusammenhang entstehenden gerichtlichen oder au\u00dfergericht- lichen Kosten zu erstatten, haftet hierf\u00fcr der Besteller.<br \/>\n5. Der Besteller tritt uns auch die Forderungen zur Sicherheit unserer Forderungen gegen ihn ab, die durch die Verbindung der Kaufsache mit einem Grundst\u00fcck gegen Dritte erwachsen.<br \/>\n6. Bei vertragswidrigem Verhalten des Bestellers, insbesondere Zahlungsverzug, sind wir berechtigt, vom Vertrag zur\u00fcckzutreten und die Vorbehaltsware herauszuverlangen bzw. zur\u00fcckzunehmen und zu diesem Zweck das Betriebsgel\u00e4nde<br \/>\ndes Bestellers zu betreten und zu befahren. In der Zur\u00fccknahme der Kaufsache durch uns liegt kein R\u00fccktritt vom Vertrag, es sei denn, wir h\u00e4tten dies schriftlich erkl\u00e4rt. In der Pf\u00e4ndung der Kaufsache durch uns liegt stets ein R\u00fccktritt vom<br \/>\nVertrag. Wir sind nach R\u00fccknahme der Kaufsache zu deren Verwertung befugt. Der Verwertungserl\u00f6s ist auf die Verbindlichkeiten des Bestellers, abz\u00fcglich angemessener Verwertungskosten, anzurechnen.<br \/>\n<strong>\u00a7 9 Anwendbares Recht, Gerichtsstand, Teilnichtigkeit, Erf\u00fcllungsort<\/strong><br \/>\n1. F\u00fcr diese Gesch\u00e4ftsbedingungen und die gesamten Rechtbeziehungen zwischen uns und dem Besteller gilt das Recht der Bundesrepublik Deutschland. Die Bestimmungen des UN-Kaufrechts finden keine Anwendung.<br \/>\n2. Soweit der Besteller Kaufmann, juristische Person des \u00f6ffentlichen Rechts oder \u00f6ffentlich-rechtliches Sonderverm\u00f6gen ist, ist K\u00f6ln ausschlie\u00dflicher Gerichtsstand f\u00fcr alle sich aus dem Vertragsverh\u00e4ltnis unmittelbar oder mittelbar<br \/>\nergebenden Streitigkeiten.<br \/>\n3. Sollte eine Bestimmung in diesen Gesch\u00e4ftsbedingungen oder eine Bestimmung im Rahmen sonstiger Vereinbarungen unwirksam sein oder werden, so wird hiervon die Wirksamkeit aller sonstigen Bestimmungen oder Vereinbarungen<br \/>\nnicht ber\u00fchrt.<br \/>\n4. Erf\u00fcllungsort ist unser Gesch\u00e4ftssitz, somit K\u00f6ln.<\/p>\n<h2>EDELSTAHL Verlegerichtlinien Edelstahl Rostfrei<\/h2>\n<p><strong>Werkstoff<\/strong><br \/>\n<strong>FTE Chromstahl<\/strong><br \/>\n1.4509 &#8211; 0,40mm verzinnt (magnetisch)<br \/>\nnach DIN 17 441 \/ EN 10088-2<br \/>\n<strong>FME Chromstahl-Molybd\u00e4n<\/strong><br \/>\n1.4521 &#8211; 0,50mm verzinnt (magnetisch)<br \/>\nnach DIN 17 441 \/ EN 10088-2, EN 10088-4<br \/>\n<strong>BLANKER Edelstahl Chrom-Nickel<\/strong><br \/>\n1.4301 &#8211; 0,40 mm<br \/>\nnach DIN 17 441 \/ EN 10088-2, Oberfl\u00e4che 2 B<br \/>\n<strong>UGITOP Chrom-Nickel<\/strong><br \/>\n1.4301 &#8211; 0,40mm<br \/>\nnach DIN 17 441 \/ EN 10088-2, Oberfl\u00e4che walzmattiert<\/p>\n<p><strong>Weichl\u00f6ten<\/strong><br \/>\nmit 30%-igem Lot<\/p>\n<p><strong>L\u00f6twasser<\/strong><br \/>\nSpezielles L\u00f6twasser ferrinox 4000 auf Phosphors\u00e4urebasis aufgebaut. Salzs\u00e4ure,<br \/>\nchloridhaltige und sonstige handels\u00fcbliche L\u00f6tw\u00e4sser d\u00fcrfen nicht eingesetzt<br \/>\nwerden. Nach dem L\u00f6tvorgang ist die Naht sorgf\u00e4ltig mit reichlich Wasser<br \/>\nund einem Schwamm zu reinigen (bei Dachrinnen besonders in der Untersicht).<br \/>\nEmpfohlen wird eine Nachbehandlung mit einem speziellen Reiniger.<\/p>\n<p><strong>Nieten<\/strong><br \/>\nNur in speziellen F\u00e4llen (BLANKES Material \/ UGITOP) und Zuschnitte &gt;333 notwendig<br \/>\n(spezielle Edelstahlnieten)<\/p>\n<p><strong>Schieben\u00e4hte<\/strong><br \/>\nDachrinne: je 15 lfdm eine Schiebenaht<br \/>\nStehfalzdach: je nach Bandbreite<\/p>\n<p><strong>Verbindungen und Verarbeitung<\/strong><br \/>\n\u00dcbliche Naht\u00fcberdeckung bei Dachrinnen (10 mm &#8211; 15 mm).<br \/>\nAbkanten und schneiden mit \u00fcblichen Kantb\u00e4nken und Schlagscheren. Handverfalzung<br \/>\noder Maschinenfalzung bei Stehfalzd\u00e4chern. Befestigung der B\u00e4nder<br \/>\nmittels Haften.<\/p>\n<p><strong>Vertr\u00e4glichkeit<\/strong><br \/>\nBildet kein Element bei Ber\u00fchrung mit Kupfer, Zink und Blei.<br \/>\nBest\u00e4ndig gegen Bitumenkorrosion.<br \/>\nEdelstahlformteile sollten in Verbindung mit Edelstahlbefestigungen verarbeitet<br \/>\nwerden.<\/p>\n<p><em>Alle Angaben in dieser Preisliste beziehen sich, wenn nicht anders angegeben,<\/em><br \/>\n<em>auf die Materialst\u00e4rke 0,4mm. Materialst\u00e4rken in 0,5mm und Weitere<\/em><br \/>\n<em>auf Anfrage m\u00f6glich.<\/em>","protected":false},"excerpt":{"rendered":"<p>Verkaufs-, Zahlungs- und Lieferbedingungen \u00a7 1 Allgemeines &#8211; Geltungsbereich 1. Unsere Lieferungen, Leistungen und Angebote erfolgen ausschlie\u00dflich aufgrund dieser Gesch\u00e4ftsbedingungen. Diese gelten somit auch f\u00fcr alle k\u00fcnftigen Gesch\u00e4ftsbeziehungen, auch wenn sie nicht nochmals ausdr\u00fccklich vereinbart werden. Sp\u00e4testens mit der Entgegennahme der Ware oder Leistung gelten diese Bedingungen als angenommen. Entgegenstehende oder von unseren Gesch\u00e4ftsbedingungen abweichende [&hellip;]<\/p>\n","protected":false},"author":1,"featured_media":0,"parent":0,"menu_order":0,"comment_status":"closed","ping_status":"closed","template":"","meta":[],"_links":{"self":[{"href":"https:\/\/brandtedelstahldach.de\/en\/wp-json\/wp\/v2\/pages\/7"}],"collection":[{"href":"https:\/\/brandtedelstahldach.de\/en\/wp-json\/wp\/v2\/pages"}],"about":[{"href":"https:\/\/brandtedelstahldach.de\/en\/wp-json\/wp\/v2\/types\/page"}],"author":[{"embeddable":true,"href":"https:\/\/brandtedelstahldach.de\/en\/wp-json\/wp\/v2\/users\/1"}],"replies":[{"embeddable":true,"href":"https:\/\/brandtedelstahldach.de\/en\/wp-json\/wp\/v2\/comments?post=7"}],"version-history":[{"count":5,"href":"https:\/\/brandtedelstahldach.de\/en\/wp-json\/wp\/v2\/pages\/7\/revisions"}],"predecessor-version":[{"id":1985,"href":"https:\/\/brandtedelstahldach.de\/en\/wp-json\/wp\/v2\/pages\/7\/revisions\/1985"}],"wp:attachment":[{"href":"https:\/\/brandtedelstahldach.de\/en\/wp-json\/wp\/v2\/media?parent=7"}],"curies":[{"name":"wp","href":"https:\/\/api.w.org\/{rel}","templated":true}]}}