{"id":40,"date":"2016-01-06T09:37:58","date_gmt":"2016-01-06T07:37:58","guid":{"rendered":"http:\/\/neu.brandtedelstahldach.de\/?page_id=40"},"modified":"2025-04-09T16:49:45","modified_gmt":"2025-04-09T14:49:45","slug":"impressum","status":"publish","type":"page","link":"https:\/\/brandtedelstahldach.de\/en\/impressum\/","title":{"rendered":"Impress"},"content":{"rendered":"<p class=\"qtranxs-available-languages-message qtranxs-available-languages-message-en\">Sorry, this entry is only available in <a href=\"https:\/\/brandtedelstahldach.de\/de\/wp-json\/wp\/v2\/pages\/40\" class=\"qtranxs-available-language-link qtranxs-available-language-link-de\" title=\"Deutsch\">German<\/a>. For the sake of viewer convenience, the content is shown below in the alternative language. You may click the link to switch the active language.<\/p><h1><strong>FB Edelstahldach GmbH<\/strong><\/h1>\n<p>Niederkasseler Stra\u00dfe 3d<br \/>\n51147 K\u00f6ln (Porz-Lind)<\/p>\n<p>Tel. +49 (0)2203 &#8211; 63964<br \/>\nFax +49 (0)2203 &#8211; 62601<\/p>\n<p>info@brandtedelstahldach.de<br \/>\nLast Update: 04.01.2025<br \/>\nGesch\u00e4ftsf\u00fchrer: F. Palmer<br \/>\nMitglied in der IHK K\u00f6ln<\/p>\n<p>Ust.-IdNr. gem\u00e4\u00df \u00a7 27 a Umsatzsteuergesetz DE364437664<br \/>\nHandelsregister Amtsgericht K\u00f6ln, HRB115830<\/p>\n<h3>Disclaimer<\/h3>\n<p><strong>Verweise auf externe Web-Seiten<\/strong><br \/>\nDie Web-Seiten der enthalten Verweise (Links) zu Informationsangeboten auf Servern, die nicht der Kontrolle und Verantwortlichkeit von FB Edelstahldach GmbH unterliegen. FB Edelstahldach GmbH \u00fcbernimmt keine Verantwortung und keine Garantie f\u00fcr diese Informationen und billigt oder unterst\u00fctzt diese auch nicht inhaltlich. Diese Regelungen entsprechen sinngem\u00e4\u00df dem \u00a7 5 Absatz 3 des TDG (Teledienstegesetz).<\/p>\n<p><strong>Haftungsausschluss<\/strong><br \/>\nWir \u00fcbernehmen keine Haftung f\u00fcr Sch\u00e4den, die im Zusammenhang mit jeglicher Nutzung ihrer Web-Seiten entstehen. Die Inhalte werden nach M\u00f6glichkeit regelm\u00e4\u00dfig \u00fcberpr\u00fcft und auf einen aktuellen Stand gebracht, eine Gew\u00e4hr f\u00fcr die Korrektheit kann aber in keinem Fall \u00fcbernommen werden.<\/p>\n<p><strong>Verweise und Links<\/strong><br \/>\nBei direkten oder indirekten Verweisen auf fremde Internetseiten (&#8220;Links&#8221;), die au\u00dferhalb des Verantwortungsbereiches des Webteams von FB Edelstahldach GmbH liegen, w\u00fcrde eine Haftungsverpflichtung ausschlie\u00dflich in dem Fall in Kraft treten, in dem das Webteam von den Inhalten Kenntnis hat und es ihm technisch m\u00f6glich und zumutbar w\u00e4re, die Nutzung im Falle rechtswidriger Inhalte zu verhindern. Das Webteam von FB Edelstahldach GmbH erkl\u00e4rt daher ausdr\u00fccklich, dass zum Zeitpunkt der Linksetzung die entsprechenden verlinkten Seiten frei von illegalen Inhalten waren. Das Webteam hat keinerlei Einfluss auf die aktuelle und zuk\u00fcnftige Gestaltung und auf die Inhalte der gelinkten\/verkn\u00fcpften Seiten. Deshalb distanziert es sich hiermit ausdr\u00fccklich von allen Inhalten aller gelinkten\/verkn\u00fcpften Seiten, die nach der Linksetzung ver\u00e4ndert wurden. Diese Feststellung gilt f\u00fcr alle innerhalb des eigenen Internetangebotes gesetzten Links und Verweise sowie f\u00fcr Fremdeintr\u00e4ge in vom Webteam eingerichteten G\u00e4steb\u00fcchern, Diskussionsforen und Mailinglisten. F\u00fcr illegale, fehlerhafte oder unvollst\u00e4ndige Inhalte und insbesondere f\u00fcr Sch\u00e4den, die aus der Nutzung oder Nichtnutzung solcherart dargebotener Informationen entstehen, haftet allein der Anbieter der Seite, auf welche verwiesen wurde, nicht derjenige, der \u00fcber Links auf die jeweilige Ver\u00f6ffentlichung lediglich verweist.<\/p>\n<p><strong>Urheber- und Kennzeichenrecht<\/strong><br \/>\nDas Webteam von FB Edelstahldach GmbH ist bestrebt, in allen Publikationen die Urheberrechte der verwendeten Grafiken, Tondokumente, Videosequenzen und Texte zu beachten, von ihm selbst erstellte Grafiken, Tondokumente, Videosequenzen und Texte zu nutzen oder auf lizenzfreie Grafiken, Tondokumente, Videosequenzen und Texte zur\u00fcckzugreifen. Alle innerhalb des Internetangebotes genannten und ggf. durch Dritte gesch\u00fctzten Marken- und Warenzeichen unterliegen uneingeschr\u00e4nkt den Bestimmungen des jeweils g\u00fcltigen Kennzeichenrechts und den Besitzrechten der jeweiligen eingetragenen Eigent\u00fcmer. Allein aufgrund der blo\u00dfen Nennung ist nicht der Schluss zu ziehen, dass Markenzeichen nicht durch Rechte Dritter gesch\u00fctzt sind! Das Copyright f\u00fcr ver\u00f6ffentlichte, vom Webteam von FB Edelstahldach GmbH selbst erstellte Objekte bleibt allein bei FB Edelstahldach GmbH. Eine Vervielf\u00e4ltigung oder Verwendung solcher Grafiken, Tondokumente, Videosequenzen und Texte in anderen elektronischen oder gedruckten Publikationen ist ohne ausdr\u00fcckliche Zustimmung des Webteams von FB Edelstahldach GmbH nicht gestattet.<\/p>\n<p><strong>Rechtswirksamkeit dieses Haftungsausschlusses<\/strong><br \/>\nDieser Haftungsausschluss ist als Teil des Internetangebotes zu betrachten, von dem aus auf diese Seite verwiesen wurde. Sofern Teile oder einzelne Formulierungen dieses Textes der geltenden Rechtslage nicht, nicht mehr oder nicht vollst\u00e4ndig entsprechen sollten, bleiben die \u00fcbrigen Teile des Dokumentes in ihrem Inhalt und ihrer G\u00fcltigkeit davon unber\u00fchrt.<\/p>","protected":false},"excerpt":{"rendered":"<p>Sorry, this entry is only available in German. For the sake of viewer convenience, the content is shown below in the alternative language. You may click the link to switch the active language.FB Edelstahldach GmbH Niederkasseler Stra\u00dfe 3d 51147 K\u00f6ln (Porz-Lind) Tel. +49 (0)2203 &#8211; 63964 Fax +49 (0)2203 &#8211; 62601 info@brandtedelstahldach.de Last Update: 04.01.2025 [&hellip;]<\/p>\n","protected":false},"author":1,"featured_media":0,"parent":0,"menu_order":0,"comment_status":"closed","ping_status":"closed","template":"","meta":[],"_links":{"self":[{"href":"https:\/\/brandtedelstahldach.de\/en\/wp-json\/wp\/v2\/pages\/40"}],"collection":[{"href":"https:\/\/brandtedelstahldach.de\/en\/wp-json\/wp\/v2\/pages"}],"about":[{"href":"https:\/\/brandtedelstahldach.de\/en\/wp-json\/wp\/v2\/types\/page"}],"author":[{"embeddable":true,"href":"https:\/\/brandtedelstahldach.de\/en\/wp-json\/wp\/v2\/users\/1"}],"replies":[{"embeddable":true,"href":"https:\/\/brandtedelstahldach.de\/en\/wp-json\/wp\/v2\/comments?post=40"}],"version-history":[{"count":6,"href":"https:\/\/brandtedelstahldach.de\/en\/wp-json\/wp\/v2\/pages\/40\/revisions"}],"predecessor-version":[{"id":2180,"href":"https:\/\/brandtedelstahldach.de\/en\/wp-json\/wp\/v2\/pages\/40\/revisions\/2180"}],"wp:attachment":[{"href":"https:\/\/brandtedelstahldach.de\/en\/wp-json\/wp\/v2\/media?parent=40"}],"curies":[{"name":"wp","href":"https:\/\/api.w.org\/{rel}","templated":true}]}}