{"id":38,"date":"2016-01-06T09:37:17","date_gmt":"2016-01-06T07:37:17","guid":{"rendered":"http:\/\/neu.brandtedelstahldach.de\/?page_id=38"},"modified":"2024-01-16T13:36:43","modified_gmt":"2024-01-16T11:36:43","slug":"denkmalschutz","status":"publish","type":"page","link":"https:\/\/brandtedelstahldach.de\/en\/edelstahlobjekte\/denkmalschutz\/","title":{"rendered":"monument conservation"},"content":{"rendered":"<div id=\"su_slider_69d4c03cd6349\" class=\"su-slider su-slider-centered su-slider-pages-yes su-slider-responsive-yes\" style=\"width:100%\" data-autoplay=\"3000\" data-speed=\"600\" data-mousewheel=\"false\"><div class=\"su-slider-slides\"><div class=\"su-slider-slide\"><a><img src=\"https:\/\/brandtedelstahldach.de\/wp-content\/uploads\/2016\/01\/denkmalschutz02-1-1000x400.jpg\" alt=\"Dachentw\u00e4sserung verzinnt Denkmalschutz\" \/><\/a><\/div><div class=\"su-slider-slide\"><a><img src=\"https:\/\/brandtedelstahldach.de\/wp-content\/uploads\/2016\/01\/denkmalschutz01-1-1000x400.jpg\" alt=\"Denkmalschutz verzinnter Edelstahl\" \/><\/a><\/div><div class=\"su-slider-slide\"><a><img src=\"https:\/\/brandtedelstahldach.de\/wp-content\/uploads\/2016\/01\/denkmalschutz03-1-1000x400.jpg\" alt=\"verzinnter Edelstahl f\u00fcr Denkmalschutz\" \/><\/a><\/div><\/div><div class=\"su-slider-nav\"><div class=\"su-slider-direction\"><span class=\"su-slider-prev\"><\/span><span class=\"su-slider-next\"><\/span><\/div><div class=\"su-slider-pagination\"><\/div><\/div><\/div>\n<h1>Tinned stainless steel is the perfect material for monument conservation<\/h1>\n<h2>Monument protection &#8211; accurate improvement<\/h2>\n<p>The tin-coating for trouble-free soft soldering which also serves as anti-friction agent soon produces a natural, matt patina that does not differ visually from old historical material. This is very important for an improvement of historical buildings. With tinned stainless steel for roofing and roof drainage the next generation will not have to care about it and the generation after very probably neither.<\/p>\n<p>Currently, especially in case of monument protection, every Euro counts. Not everything that seems favourable at first sight can hold up a second view. Conversely counts: what may seem expensive at first sight may shape up as favourable later, especially in case of roofing and roof drainage.<\/p>\n<p>Tinned stainless steel can be processed very thin. Instead of thicknesses between 0,6 mm and 0,7 mm in case of other materials, tinned stainless steel is produced in thicknesses of 0,4 mm and 0,5 mm. Result: with 1 ton tinned stainless steel and the same cut you can lay more than 280m\u00b2 roof area. Using copper for example, in consequence of its high weight, it will be much less roof area. Also the static strain (important for old building fabric) turns out much more light with 3,0 up to 3,1kg\/m\u00b2 . In comparison zinc has got a weight of 5,0kg\/m2 and copper 5,8kg\/m\u00b2.<\/p>\n<h3><strong>Some reference objects dealing with \u201emonument protection\u201c <\/strong><\/h3>\n<ul>\n<li>Rathaus in Bonn: Dachentw\u00e4sserung<\/li>\n<li>St. Bartholom\u00e4us Kirche in K\u00f6ln-Porz: Eingedeckte Dachfl\u00e4che sowie teilweise Dachentw\u00e4sserung<\/li>\n<li>St. Marien Kirche in Bonn: Dachentw\u00e4sserung und Abdeckung<\/li>\n<li>Labor der Uni in Bonn: Kassettenfassade<\/li>\n<li>St. Maximilian-Kolbe Kirche in K\u00f6ln-Porz: Dacheindeckung<\/li>\n<li>St. Cyriakus Kirche in Grevenbroich: Dacheindeckung und Entw\u00e4sserung<\/li>\n<li>St. Josef Baptist Kirche in Thenhoven: Dachentw\u00e4sserung<\/li>\n<li>St. Aloysius Kapelle in Leverkusen: Dachentw\u00e4sserung<\/li>\n<li>St. Pantaleon Kirche in K\u00f6ln: Dachentw\u00e4sserung<\/li>\n<\/ul>\n<div class=\"su-custom-gallery su-custom-gallery-title-hover su-lightbox-gallery\"><div class=\"su-custom-gallery-slide\"><a href=\"https:\/\/brandtedelstahldach.de\/wp-content\/uploads\/2016\/01\/St.-Maximilian-Kolbe-K\u00f6ln.jpg\" title=\"St. Maximilian-Kolbe K\u00f6ln\"><img src=\"https:\/\/brandtedelstahldach.de\/wp-content\/uploads\/2016\/01\/St.-Maximilian-Kolbe-K\u00f6ln-90x90.jpg\" alt=\"St. Maximilian-Kolbe K\u00f6ln\" width=\"90\" height=\"90\" \/><span class=\"su-custom-gallery-title\">St. Maximilian-Kolbe K\u00f6ln<\/span><\/a><\/div><div class=\"su-custom-gallery-slide\"><a href=\"https:\/\/brandtedelstahldach.de\/wp-content\/uploads\/2016\/01\/St.-Pantaleo-Kirche-K\u00f6ln.jpg\" title=\"St. Pantaleo, Kirche K\u00f6ln\"><img src=\"https:\/\/brandtedelstahldach.de\/wp-content\/uploads\/2016\/01\/St.-Pantaleo-Kirche-K\u00f6ln-90x90.jpg\" alt=\"St. Pantaleo, Kirche K\u00f6ln\" width=\"90\" height=\"90\" \/><span class=\"su-custom-gallery-title\">St. Pantaleo, Kirche K\u00f6ln<\/span><\/a><\/div><div class=\"su-custom-gallery-slide\"><a href=\"https:\/\/brandtedelstahldach.de\/wp-content\/uploads\/2016\/01\/St.-Cyriakus-Kirche-Grevenbroich.jpg\" title=\"St. Cyriakus, Kirche Grevenbroich\"><img src=\"https:\/\/brandtedelstahldach.de\/wp-content\/uploads\/2016\/01\/St.-Cyriakus-Kirche-Grevenbroich-90x90.jpg\" alt=\"St. Cyriakus, Kirche Grevenbroich\" width=\"90\" height=\"90\" \/><span class=\"su-custom-gallery-title\">St. Cyriakus, Kirche Grevenbroich<\/span><\/a><\/div><div class=\"su-custom-gallery-slide\"><a href=\"https:\/\/brandtedelstahldach.de\/wp-content\/uploads\/2016\/01\/St.-Aloysius-Kapelle-Leverkusen-e1630649472756.jpg\" title=\"St. Aloysius, Kapelle Leverkusen\"><img src=\"https:\/\/brandtedelstahldach.de\/wp-content\/uploads\/2016\/01\/St.-Aloysius-Kapelle-Leverkusen-e1630649472756.jpg\" alt=\"St. Aloysius, Kapelle Leverkusen\" width=\"90\" height=\"90\" \/><span class=\"su-custom-gallery-title\">St. Aloysius, Kapelle Leverkusen<\/span><\/a><\/div><div class=\"su-custom-gallery-slide\"><a href=\"https:\/\/brandtedelstahldach.de\/wp-content\/uploads\/2016\/01\/Rathaus-Bonn.jpg\" title=\"Rathaus Bonn\"><img src=\"https:\/\/brandtedelstahldach.de\/wp-content\/uploads\/2016\/01\/Rathaus-Bonn-90x90.jpg\" alt=\"Rathaus Bonn\" width=\"90\" height=\"90\" \/><span class=\"su-custom-gallery-title\">Rathaus Bonn<\/span><\/a><\/div><div class=\"su-custom-gallery-slide\"><a href=\"https:\/\/brandtedelstahldach.de\/wp-content\/uploads\/2016\/01\/Labor-der-Uni-Bonn.jpg\" title=\"Labor der Uni Bonn\"><img src=\"https:\/\/brandtedelstahldach.de\/wp-content\/uploads\/2016\/01\/Labor-der-Uni-Bonn-90x90.jpg\" alt=\"Labor der Uni Bonn\" width=\"90\" height=\"90\" \/><span class=\"su-custom-gallery-title\">Labor der Uni Bonn<\/span><\/a><\/div><div class=\"su-custom-gallery-slide\"><a href=\"https:\/\/brandtedelstahldach.de\/wp-content\/uploads\/2016\/01\/Kirche-St.-Marien-K\u00f6ln.jpg\" title=\"Kirche St. Marien K\u00f6ln\"><img src=\"https:\/\/brandtedelstahldach.de\/wp-content\/uploads\/2016\/01\/Kirche-St.-Marien-K\u00f6ln-90x90.jpg\" alt=\"Kirche St. Marien K\u00f6ln\" width=\"90\" height=\"90\" \/><span class=\"su-custom-gallery-title\">Kirche St. Marien K\u00f6ln<\/span><\/a><\/div><div class=\"su-custom-gallery-slide\"><a href=\"https:\/\/brandtedelstahldach.de\/wp-content\/uploads\/2016\/01\/Kirche-St.-Bartholom\u00e4us-K\u00f6ln.jpg\" title=\"Kirche St. Bartholom\u00e4us K\u00f6ln\"><img src=\"https:\/\/brandtedelstahldach.de\/wp-content\/uploads\/2016\/01\/Kirche-St.-Bartholom\u00e4us-K\u00f6ln-90x90.jpg\" alt=\"Kirche St. Bartholom\u00e4us K\u00f6ln\" width=\"90\" height=\"90\" \/><span class=\"su-custom-gallery-title\">Kirche St. Bartholom\u00e4us K\u00f6ln<\/span><\/a><\/div><div class=\"su-clear\"><\/div><\/div>","protected":false},"excerpt":{"rendered":"<p>Tinned stainless steel is the perfect material for monument conservation Monument protection &#8211; accurate improvement The tin-coating for trouble-free soft soldering which also serves as anti-friction agent soon produces a natural, matt patina that does not differ visually from old historical material. This is very important for an improvement of historical buildings. With tinned stainless [&hellip;]<\/p>\n","protected":false},"author":1,"featured_media":357,"parent":35,"menu_order":0,"comment_status":"closed","ping_status":"closed","template":"","meta":[],"_links":{"self":[{"href":"https:\/\/brandtedelstahldach.de\/en\/wp-json\/wp\/v2\/pages\/38"}],"collection":[{"href":"https:\/\/brandtedelstahldach.de\/en\/wp-json\/wp\/v2\/pages"}],"about":[{"href":"https:\/\/brandtedelstahldach.de\/en\/wp-json\/wp\/v2\/types\/page"}],"author":[{"embeddable":true,"href":"https:\/\/brandtedelstahldach.de\/en\/wp-json\/wp\/v2\/users\/1"}],"replies":[{"embeddable":true,"href":"https:\/\/brandtedelstahldach.de\/en\/wp-json\/wp\/v2\/comments?post=38"}],"version-history":[{"count":18,"href":"https:\/\/brandtedelstahldach.de\/en\/wp-json\/wp\/v2\/pages\/38\/revisions"}],"predecessor-version":[{"id":2056,"href":"https:\/\/brandtedelstahldach.de\/en\/wp-json\/wp\/v2\/pages\/38\/revisions\/2056"}],"up":[{"embeddable":true,"href":"https:\/\/brandtedelstahldach.de\/en\/wp-json\/wp\/v2\/pages\/35"}],"wp:featuredmedia":[{"embeddable":true,"href":"https:\/\/brandtedelstahldach.de\/en\/wp-json\/wp\/v2\/media\/357"}],"wp:attachment":[{"href":"https:\/\/brandtedelstahldach.de\/en\/wp-json\/wp\/v2\/media?parent=38"}],"curies":[{"name":"wp","href":"https:\/\/api.w.org\/{rel}","templated":true}]}}