{"id":1538,"date":"2018-08-03T10:25:10","date_gmt":"2018-08-03T08:25:10","guid":{"rendered":"http:\/\/brandtedelstahldach.de\/?page_id=1538"},"modified":"2018-11-23T10:45:23","modified_gmt":"2018-11-23T08:45:23","slug":"v4a_14404_316l","status":"publish","type":"page","link":"https:\/\/brandtedelstahldach.de\/en\/edelstahl\/v4a_14404_316l\/","title":{"rendered":"V4A 1.4404 \/ 316L"},"content":{"rendered":"<p class=\"qtranxs-available-languages-message qtranxs-available-languages-message-en\">Sorry, this entry is only available in <a href=\"https:\/\/brandtedelstahldach.de\/de\/wp-json\/wp\/v2\/pages\/1538\" class=\"qtranxs-available-language-link qtranxs-available-language-link-de\" title=\"Deutsch\">German<\/a>. For the sake of viewer convenience, the content is shown below in the alternative language. You may click the link to switch the active language.<\/p><h1><img loading=\"lazy\" class=\"alignnone wp-image-717 size-full\" src=\"http:\/\/brandtedelstahldach.de\/wp-content\/uploads\/2016\/05\/01-1.jpg\" alt=\"\" width=\"1000\" height=\"400\" srcset=\"https:\/\/brandtedelstahldach.de\/wp-content\/uploads\/2016\/05\/01-1.jpg 1000w, https:\/\/brandtedelstahldach.de\/wp-content\/uploads\/2016\/05\/01-1-300x120.jpg 300w, https:\/\/brandtedelstahldach.de\/wp-content\/uploads\/2016\/05\/01-1-768x307.jpg 768w\" sizes=\"(max-width: 1000px) 100vw, 1000px\" \/><\/h1>\n<h1>Edelstahl als 1.4404 \/ 316L f\u00fcr Dacheindeckung \/ Dachentw\u00e4sserung<\/h1>\n<h2>1.4404 \/ 316L ist ein s\u00e4urebest\u00e4ndiger, austenitischer Edelstahl<\/h2>\n<h3>der eine wesentlich verbesserte Korrosionsbest\u00e4ndigkeit aufweist<\/h3>\n<p>Dieser austenitische Edelstahl mit der Werkstoff-Nr.: <strong>1.4404 \/ 316L<\/strong> (CrNiMo-Stahl mit ca. 17% Cr, ca. 12% Ni und mind. 2,0 % Mo) weist durch den Molybd\u00e4n-Anteil (Mo) eine wesentlich verbesserte Korrosionsbest\u00e4ndigkeit gegen\u00fcber den CrNi-St\u00e4hlen (z.B. 1.4301 \/ 304L) auf. Dies f\u00fchrt dazu, dass der Edelstahl widerstandsf\u00e4higer gegen Korrosion in sa\u00e4ure- und chloridhaltigen Medien wird. Die Verarbeitung von 1.4404 \/ 316L Edelst\u00e4hlen ist jedoch den klassischen Edelst\u00e4hlen gleichzusetzen. Haupteinsatzgebiete sind daher Gebiete, die hohe Anspr\u00fcche an das Material stellen, wie z.B. Chemie- \/ Salzhallen, Schwimmb\u00e4der oder andere Industrieanlagen, die eine hohe Anforderung an das eingesetzte Metall stellt.<\/p>\n<p>Wir verarbeiten diesen korrosionsbest\u00e4ndigen Edelstahl in <strong>Walzmattiert<\/strong> (matte Oberfl\u00e4che) und <strong>walzblank<\/strong> (milchig-gl\u00e4nzende Oberfl\u00e4che) f\u00fcr die Dacheindeckung und Dachentw\u00e4sserung. Als Alternative bieten wir einen \u00e4hnlichen, aber verzinnten, Edelstahl an, der eine matt-graue Oberfl\u00e4che (Patina) und ebenfalls eine hohen Korrosionsbest\u00e4ndigkeit aufweist: <a href=\"http:\/\/brandtedelstahldach.de\/edelstahl\/verzinnter-edelstahl\/fme\/\">FME \u2013 UGINOX Patina K44<\/a>","protected":false},"excerpt":{"rendered":"<p>Sorry, this entry is only available in German. For the sake of viewer convenience, the content is shown below in the alternative language. You may click the link to switch the active language. Edelstahl als 1.4404 \/ 316L f\u00fcr Dacheindeckung \/ Dachentw\u00e4sserung 1.4404 \/ 316L ist ein s\u00e4urebest\u00e4ndiger, austenitischer Edelstahl der eine wesentlich verbesserte Korrosionsbest\u00e4ndigkeit [&hellip;]<\/p>\n","protected":false},"author":1,"featured_media":291,"parent":18,"menu_order":0,"comment_status":"closed","ping_status":"closed","template":"","meta":[],"_links":{"self":[{"href":"https:\/\/brandtedelstahldach.de\/en\/wp-json\/wp\/v2\/pages\/1538"}],"collection":[{"href":"https:\/\/brandtedelstahldach.de\/en\/wp-json\/wp\/v2\/pages"}],"about":[{"href":"https:\/\/brandtedelstahldach.de\/en\/wp-json\/wp\/v2\/types\/page"}],"author":[{"embeddable":true,"href":"https:\/\/brandtedelstahldach.de\/en\/wp-json\/wp\/v2\/users\/1"}],"replies":[{"embeddable":true,"href":"https:\/\/brandtedelstahldach.de\/en\/wp-json\/wp\/v2\/comments?post=1538"}],"version-history":[{"count":10,"href":"https:\/\/brandtedelstahldach.de\/en\/wp-json\/wp\/v2\/pages\/1538\/revisions"}],"predecessor-version":[{"id":1574,"href":"https:\/\/brandtedelstahldach.de\/en\/wp-json\/wp\/v2\/pages\/1538\/revisions\/1574"}],"up":[{"embeddable":true,"href":"https:\/\/brandtedelstahldach.de\/en\/wp-json\/wp\/v2\/pages\/18"}],"wp:featuredmedia":[{"embeddable":true,"href":"https:\/\/brandtedelstahldach.de\/en\/wp-json\/wp\/v2\/media\/291"}],"wp:attachment":[{"href":"https:\/\/brandtedelstahldach.de\/en\/wp-json\/wp\/v2\/media?parent=1538"}],"curies":[{"name":"wp","href":"https:\/\/api.w.org\/{rel}","templated":true}]}}