{"id":1521,"date":"2018-07-24T11:08:30","date_gmt":"2018-07-24T09:08:30","guid":{"rendered":"http:\/\/brandtedelstahldach.de\/?page_id=1521"},"modified":"2018-07-24T11:11:44","modified_gmt":"2018-07-24T09:11:44","slug":"edelstahl-tafeln","status":"publish","type":"page","link":"https:\/\/brandtedelstahldach.de\/en\/dachentwaesserung-aus-edelstahl\/ferrinox-system\/edelstahl-tafeln\/","title":{"rendered":"Edelstahl Tafeln \/ Lochbleche"},"content":{"rendered":"<p class=\"qtranxs-available-languages-message qtranxs-available-languages-message-en\">Sorry, this entry is only available in <a href=\"https:\/\/brandtedelstahldach.de\/de\/wp-json\/wp\/v2\/pages\/1521\" class=\"qtranxs-available-language-link qtranxs-available-language-link-de\" title=\"Deutsch\">German<\/a>. For the sake of viewer convenience, the content is shown below in the alternative language. You may click the link to switch the active language.<\/p><h1>Edelstahl-Tafeln und -Lochbleche f\u00fcr unterschiedliche Bauprojekte<\/h1>\n<h2>diverse Formate und Abmessungen sind neben unseren Standarts m\u00f6glich<\/h2>\n<h3>wir k\u00f6nnen Wunschma\u00dfe erf\u00fcllen und das in verschiedenen Oberfl\u00e4chen<\/h3>\n<p>Edelstahl-Tafel finden in unterschiedlichen Gebieten ihren Einsatz. Daher ist es f\u00fcr uns wichtig m\u00f6glichst flexibel zu sein. Durch unsere hauseigene Spaltanlage ist es m\u00f6gliche verschiedene Abmessungen f\u00fcr Tafelware herzustellen:<\/p>\n<p><strong>Normformate<\/strong><\/p>\n<ul>\n<li>Kleinformat &#8211; 1000 x 2000 x 0,4mm (verzinnt\/walzblank\/walzmattiert)<\/li>\n<li>Kleinformat &#8211; 1000 x 2000 x 0,5mm (verzinnt\/walzblank\/walzmattiert)<\/li>\n<li>Mittelformat &#8211; 1250 x 2500 x 0,4mm (walzblank\/walzmattiert)<\/li>\n<li>Mittelformat &#8211; 1250 x 2500 x 0,5mm (walzblank\/walzmattiert)<\/li>\n<li>Mittelformat &#8211; 1250 x 2500 x 0,6\/0,8\/1,0\/1,5mm (walzblank\/walzmattiert\/farbig)<\/li>\n<li>Gro\u00dfformat &#8211; 1500 x 3000mm <a href=\"mailto:info@brandtedelstahldach.de\">auf Anfrage<\/a><\/li>\n<\/ul>\n<p><strong>Beispiele f\u00fcr Sonderformate<\/strong><\/p>\n<ul>\n<li>500 x 2000mm<\/li>\n<li>1000 x 3000mm<\/li>\n<li>1250 x 3000mm<\/li>\n<\/ul>\n<div class=\"mceTemp\"><\/div>\n<p>Des Weiteren erhalten Sie bei uns ebenfalls <strong>Lochbleche aus Edelstahl<\/strong><\/p>\n<p><strong>Normformate<\/strong><\/p>\n<ul>\n<li>Kleinformat &#8211; 1000 x 2000 x 0,4mm mit einer \u00d85mm Lochung (verzinnt)<\/li>\n<li>Kleinformat &#8211; 1000 x 2000 x 0,8mm mit einer \u00d85mm Lochung (walzblank)<\/li>\n<\/ul>\n<div id=\"attachment_1522\" style=\"width: 160px\" class=\"wp-caption alignleft\"><a href=\"http:\/\/brandtedelstahldach.de\/wp-content\/uploads\/2018\/07\/Lochblech_klein.jpg\"><img aria-describedby=\"caption-attachment-1522\" loading=\"lazy\" class=\"wp-image-1522 size-thumbnail\" src=\"http:\/\/brandtedelstahldach.de\/wp-content\/uploads\/2018\/07\/Lochblech_klein-150x150.jpg\" alt=\"\" width=\"150\" height=\"150\" \/><\/a><p id=\"caption-attachment-1522\" class=\"wp-caption-text\">verzinnt 0,4mm<\/p><\/div>","protected":false},"excerpt":{"rendered":"<p>Sorry, this entry is only available in German. For the sake of viewer convenience, the content is shown below in the alternative language. You may click the link to switch the active language.Edelstahl-Tafeln und -Lochbleche f\u00fcr unterschiedliche Bauprojekte diverse Formate und Abmessungen sind neben unseren Standarts m\u00f6glich wir k\u00f6nnen Wunschma\u00dfe erf\u00fcllen und das in verschiedenen [&hellip;]<\/p>\n","protected":false},"author":1,"featured_media":1523,"parent":47,"menu_order":0,"comment_status":"closed","ping_status":"closed","template":"","meta":[],"_links":{"self":[{"href":"https:\/\/brandtedelstahldach.de\/en\/wp-json\/wp\/v2\/pages\/1521"}],"collection":[{"href":"https:\/\/brandtedelstahldach.de\/en\/wp-json\/wp\/v2\/pages"}],"about":[{"href":"https:\/\/brandtedelstahldach.de\/en\/wp-json\/wp\/v2\/types\/page"}],"author":[{"embeddable":true,"href":"https:\/\/brandtedelstahldach.de\/en\/wp-json\/wp\/v2\/users\/1"}],"replies":[{"embeddable":true,"href":"https:\/\/brandtedelstahldach.de\/en\/wp-json\/wp\/v2\/comments?post=1521"}],"version-history":[{"count":3,"href":"https:\/\/brandtedelstahldach.de\/en\/wp-json\/wp\/v2\/pages\/1521\/revisions"}],"predecessor-version":[{"id":1526,"href":"https:\/\/brandtedelstahldach.de\/en\/wp-json\/wp\/v2\/pages\/1521\/revisions\/1526"}],"up":[{"embeddable":true,"href":"https:\/\/brandtedelstahldach.de\/en\/wp-json\/wp\/v2\/pages\/47"}],"wp:featuredmedia":[{"embeddable":true,"href":"https:\/\/brandtedelstahldach.de\/en\/wp-json\/wp\/v2\/media\/1523"}],"wp:attachment":[{"href":"https:\/\/brandtedelstahldach.de\/en\/wp-json\/wp\/v2\/media?parent=1521"}],"curies":[{"name":"wp","href":"https:\/\/api.w.org\/{rel}","templated":true}]}}