{"id":1281,"date":"2018-01-29T13:28:14","date_gmt":"2018-01-29T11:28:14","guid":{"rendered":"http:\/\/brandtedelstahldach.de\/?page_id=1281"},"modified":"2026-01-05T10:40:37","modified_gmt":"2026-01-05T08:40:37","slug":"architekten","status":"publish","type":"page","link":"https:\/\/brandtedelstahldach.de\/en\/architekten\/","title":{"rendered":"f\u00fcr Architekten"},"content":{"rendered":"<p class=\"qtranxs-available-languages-message qtranxs-available-languages-message-en\">Sorry, this entry is only available in <a href=\"https:\/\/brandtedelstahldach.de\/de\/wp-json\/wp\/v2\/pages\/1281\" class=\"qtranxs-available-language-link qtranxs-available-language-link-de\" title=\"Deutsch\">German<\/a>. For the sake of viewer convenience, the content is shown below in the alternative language. You may click the link to switch the active language.<\/p><div id=\"attachment_344\" style=\"width: 1010px\" class=\"wp-caption alignleft\"><a href=\"https:\/\/brandtedelstahldach.de\/wp-content\/uploads\/2016\/01\/walzblank_hyat-1-e1674211486391.jpg\" target=\"_blank\" rel=\"noopener\"><img aria-describedby=\"caption-attachment-344\" loading=\"lazy\" class=\"wp-image-344 size-full\" src=\"https:\/\/brandtedelstahldach.de\/wp-content\/uploads\/2016\/01\/walzblank_hyat-1-e1674211486391.jpg\" alt=\"\" width=\"1000\" height=\"287\" srcset=\"https:\/\/brandtedelstahldach.de\/wp-content\/uploads\/2016\/01\/walzblank_hyat-1-e1674211486391.jpg 1000w, https:\/\/brandtedelstahldach.de\/wp-content\/uploads\/2016\/01\/walzblank_hyat-1-e1674211486391-300x86.jpg 300w, https:\/\/brandtedelstahldach.de\/wp-content\/uploads\/2016\/01\/walzblank_hyat-1-e1674211486391-768x220.jpg 768w\" sizes=\"(max-width: 1000px) 100vw, 1000px\" \/><\/a><p id=\"caption-attachment-344\" class=\"wp-caption-text\">Hyatt in D\u00fcsseldorf mit Edelstahlschindeln bekleidet<\/p><\/div>\n<h1>Planungssicher mit Edelstahl<\/h1>\n<h2>ein must-have f\u00fcr Architekten, denn die Entwicklung von nichtrostendem Stahl schreitet voran<\/h2>\n<p>Wir m\u00f6chten Sie an dieser Stelle \u00fcber die Vorteile von Edelstahl Rostfrei f\u00fcr die Fassadengestaltung, Dacheindeckung sowie Dachentw\u00e4sserung und Zubeh\u00f6r informieren.<\/p>\n<p>Wir, die Firma <strong>FB Edelstahldach GmbH<\/strong> aus K\u00f6ln, produzieren und vertreiben Systeme f\u00fcr Dacheindeckungen und Dachentw\u00e4sserungen aus Edelstahl. Unter dem eingetragenen Warenzeichen \u201e<em>ferrinox\u00ae\u201c<\/em> ist in den vergangenen Jahrzenten ein aufeinander abgestimmtes und praxisorientiertes Dachentw\u00e4sserungssystem entstanden. Dieses wurde in enger Zusammenarbeit mit Verarbeitern und Verb\u00e4nden entwickelt. Wir, der Marktpionier f\u00fcr Dacheindeckung und Dachentw\u00e4sserung, war bei der Erarbeitung von DIN\/EN-Normen f\u00fcr Edelstahl Dachentw\u00e4sserung (<a href=\"http:\/\/www.edelstahl-rostfrei.de\/downloads\/iser\/D_964.pdf\"><u>speziell die EN612 auf Seite 14 im PDF<\/u><\/a>) ma\u00dfgeblich beteiligt.<\/p>\n<h2>\u00a0<\/h2>\n<hr \/>\n<h2>Besonders interessant \u2013<strong> f\u00fcr Sie als Architekt <\/strong>\u2013 sind folgende Aspekte f\u00fcr den Einsatz von Edelstahl:<\/h2>\n<ul>\n<li><strong>geringer Ausdehnungskoeffizienten<\/strong> (1,06mm\/m*100\u00b0C) und bei lediglich 0,4mm Materialst\u00e4rke<\/li>\n<li>geringes Gewichts (ca. 3,1kg\/m\u00b2) bei 0,4mm Materialst\u00e4rke &#8211; ein optimales Material f\u00fcr den Einsatz bei D\u00e4chern und Fassaden.<\/li>\n<li><strong>Brandschutz<\/strong> &#8211; Schmelzpunkt bei 1490\u00b0C)<\/li>\n<li>besonders geeignet f\u00fcr <strong>Denkmalschutz<\/strong> \u2013 insbesondere verzinnter Edelstahl durch die Optik<\/li>\n<li><strong>\u00d6kologisch<\/strong> \u2013 nahezu 100% recyclebar<\/li>\n<li>Hat eine best\u00e4ndige Oberfl\u00e4che<\/li>\n<li><strong>\u00dcberdurchschnittliche Lebensdauer<\/strong> und keine Wartungsarbeiten (siehe Chryslerbuilding, NY)<\/li>\n<li>Optimal f\u00fcr <strong>Sanierungen<\/strong><\/li>\n<li><strong>best\u00e4ndig gegen Bitumenkorrosion<\/strong> und dessen Abbauprodukte ohne Schutzanstrich<\/li>\n<li><strong>best\u00e4ndig gegen<\/strong> Ausschwemmung von Folien<\/li>\n<li>kompatibel mit allen Holzarten (Span- und Pressplatten)<\/li>\n<li>best\u00e4ndig bei Abgasen von \u00d6lheizungsanlagen<\/li>\n<li>hohe <strong>Widerstandsf\u00e4higkeit<\/strong> gegen aggressive Umwelteinfl\u00fcsse<\/li>\n<li>Verarbeitbarkeit auch bei winterlichen Temperaturen \u2013 <strong>keine Kaltspr\u00f6digkeit<\/strong><\/li>\n<li>bildet <strong>keine Kontaktkorrosion<\/strong> in Verbindung mit Zink\/Kupfer\/Blei<\/li>\n<li>Ist Bruchfest<\/li>\n<\/ul>\n<h2>F\u00fcr Architekten<\/h2>\n<ul>\n<li><a href=\"https:\/\/brandtedelstahldach.de\/wp-content\/uploads\/2024\/04\/Broschuere_Architekten_web.pdf\" target=\"_blank\" rel=\"noopener\">Architektenunterlagen<\/a><\/li>\n<\/ul>\n<p><strong>LV f\u00fcr Architekten<\/strong><\/p>\n<ul>\n<li><a href=\"http:\/\/brandtedelstahldach.de\/wp-content\/uploads\/2018\/02\/Dachrinne_Rohre_walzblank.pdf\" target=\"_blank\" rel=\"noopener noreferrer\">Dachrinnen\/Rohre &#8211; walzblank<\/a><\/li>\n<li><a href=\"http:\/\/brandtedelstahldach.de\/wp-content\/uploads\/2018\/02\/DachrinneRohre_verzinnt.pdf\" target=\"_blank\" rel=\"noopener noreferrer\">Dachrinnen\/Rohre &#8211; verzinnt<\/a><\/li>\n<li><a href=\"http:\/\/brandtedelstahldach.de\/wp-content\/uploads\/2018\/02\/Dachrinnen-Rohre_walzmattiert.pdf\" target=\"_blank\" rel=\"noopener noreferrer\">Dachrinnen\/Rohre &#8211; walzmattiert<\/a><\/li>\n<li><a href=\"http:\/\/brandtedelstahldach.de\/wp-content\/uploads\/2018\/02\/Mauerabdeckung_walzblank.pdf\" target=\"_blank\" rel=\"noopener noreferrer\">Mauerabdeckung &#8211; walzblank<\/a><\/li>\n<li><a href=\"http:\/\/brandtedelstahldach.de\/wp-content\/uploads\/2018\/02\/Mauerabdeckung_verzinnt.pdf\" target=\"_blank\" rel=\"noopener noreferrer\">Mauerabdeckung &#8211; verzinnt<\/a><\/li>\n<li><a href=\"http:\/\/brandtedelstahldach.de\/wp-content\/uploads\/2018\/02\/Mauerabdeckung_walzmattiert.pdf\" target=\"_blank\" rel=\"noopener noreferrer\">Mauerabdeckung &#8211; walzmattiert<\/a><\/li>\n<li><a href=\"http:\/\/brandtedelstahldach.de\/wp-content\/uploads\/2018\/02\/Stehfalzdeckung_walzblank.pdf\" target=\"_blank\" rel=\"noopener noreferrer\">Stehfalzdeckung &#8211; walzblank<\/a><\/li>\n<li><a href=\"http:\/\/brandtedelstahldach.de\/wp-content\/uploads\/2018\/02\/Stehfalzdeckung_verzinnt.pdf\" target=\"_blank\" rel=\"noopener noreferrer\">Stehfalzdeckung &#8211; verzinnt<\/a><\/li>\n<li><a href=\"http:\/\/brandtedelstahldach.de\/wp-content\/uploads\/2018\/02\/Stehfalzdeckung_walzmattiert.pdf\" target=\"_blank\" rel=\"noopener noreferrer\">Stehfalzdeckung &#8211; walzmattiert<\/a><\/li>\n<\/ul>\n<h3>komplette ferrinox \u00ae Produktkatalog 2026 runterladen<strong><br \/><\/strong><\/h3>\n<p><a href=\"https:\/\/brandtedelstahldach.de\/wp-content\/uploads\/2024\/01\/Produktkatalog2024_web.pdf\" target=\"_blank\" rel=\"noopener noreferrer\"><img loading=\"lazy\" class=\"alignnone wp-image-366 size-full\" src=\"https:\/\/brandtedelstahldach.de\/wp-content\/uploads\/2016\/01\/download-PDF-1.png\" alt=\"download-PDF\" width=\"231\" height=\"72\" \/><\/a><\/p>\n<hr \/>\n<blockquote>\n<div id=\"attachment_718\" style=\"width: 1010px\" class=\"wp-caption alignnone\"><img aria-describedby=\"caption-attachment-718\" loading=\"lazy\" class=\"wp-image-718 size-full\" src=\"http:\/\/brandtedelstahldach.de\/wp-content\/uploads\/2016\/05\/02-1.jpg\" alt=\"\" width=\"1000\" height=\"400\" srcset=\"https:\/\/brandtedelstahldach.de\/wp-content\/uploads\/2016\/05\/02-1.jpg 1000w, https:\/\/brandtedelstahldach.de\/wp-content\/uploads\/2016\/05\/02-1-300x120.jpg 300w, https:\/\/brandtedelstahldach.de\/wp-content\/uploads\/2016\/05\/02-1-768x307.jpg 768w\" sizes=\"(max-width: 1000px) 100vw, 1000px\" \/><p id=\"caption-attachment-718\" class=\"wp-caption-text\">Verkleidung und Dachentw\u00e4sserung durch walzmattiertes Edelstahl<\/p><\/div>\n<\/blockquote>\n<h2>\u00a0<\/h2>\n<h2>Folgend finden Sie einige Objektbeispiele, die zeigen wie vielf\u00e4ltig unser Edelstahl eingesetzt werden kann<\/h2>\n<div id=\"attachment_151\" style=\"width: 160px\" class=\"wp-caption alignnone\"><a href=\"..\/leben-mit-farbe\/ \" rel=\"attachment wp-att-151\"><img aria-describedby=\"caption-attachment-151\" loading=\"lazy\" class=\"wp-image-151 size-thumbnail\" src=\"http:\/\/brandtedelstahldach.de\/wp-content\/uploads\/2016\/01\/bunt_04-1-150x150.jpg\" width=\"150\" height=\"150\" \/><\/a><p id=\"caption-attachment-151\" class=\"wp-caption-text\">Farbiger Edelstahl<\/p><\/div>\n<p>\u00a0<\/p>\n<div id=\"attachment_108\" style=\"width: 160px\" class=\"wp-caption alignnone\"><a href=\"..\/universum-science-center\/\" rel=\"attachment wp-att-108\"><img aria-describedby=\"caption-attachment-108\" loading=\"lazy\" class=\"wp-image-108 size-thumbnail\" src=\"http:\/\/brandtedelstahldach.de\/wp-content\/uploads\/2016\/01\/0006_08-1-150x150.jpg\" alt=\"Edelstahl Rauten\" width=\"150\" height=\"150\" \/><\/a><p id=\"caption-attachment-108\" class=\"wp-caption-text\">Universum Science Center<\/p><\/div>\n<p>\u00a0<\/p>\n<div id=\"attachment_122\" style=\"width: 160px\" class=\"wp-caption alignnone\"><a href=\"..\/bruesseler-atomium\/\" rel=\"attachment wp-att-122\"><img aria-describedby=\"caption-attachment-122\" loading=\"lazy\" class=\"wp-image-122 size-thumbnail\" src=\"http:\/\/brandtedelstahldach.de\/wp-content\/uploads\/2016\/01\/08_02_01-1-150x150.jpg\" width=\"150\" height=\"150\" \/><\/a><p id=\"caption-attachment-122\" class=\"wp-caption-text\">Br\u00fcsseler Atomium<\/p><\/div>\n<p>\u00a0<\/p>\n<div id=\"attachment_277\" style=\"width: 160px\" class=\"wp-caption alignnone\"><a href=\"..\/spiegelfassade-aus-edelstahl\/\"><img aria-describedby=\"caption-attachment-277\" loading=\"lazy\" class=\"wp-image-277 size-thumbnail\" src=\"http:\/\/brandtedelstahldach.de\/wp-content\/uploads\/2016\/01\/1-1-150x150.jpg\" width=\"150\" height=\"150\" \/><\/a><p id=\"caption-attachment-277\" class=\"wp-caption-text\">Spiegelnde Fassade<\/p><\/div>\n<p>mehr Objektbeispiele finden Sie <a href=\"http:\/\/brandtedelstahldach.de\/edelstahlobjekte\/\">hier<\/a><\/p>\n<blockquote>\n<h2 style=\"text-align: left;\"><em>Sollten wir Ihr Interesse geweckt haben, sind wir gerne bereit entsprechende Unterlagen an Sie zu senden.<br \/>F\u00fcr weitere Fragen, stehen wir Ihnen in einem pers\u00f6nlichen Beratungsgespr\u00e4c<\/em><em>h gerne zur Verf\u00fcgung.<\/em><\/h2>\n<\/blockquote>","protected":false},"excerpt":{"rendered":"<p>Sorry, this entry is only available in German. For the sake of viewer convenience, the content is shown below in the alternative language. You may click the link to switch the active language. Planungssicher mit Edelstahl ein must-have f\u00fcr Architekten, denn die Entwicklung von nichtrostendem Stahl schreitet voran Wir m\u00f6chten Sie an dieser Stelle \u00fcber [&hellip;]<\/p>\n","protected":false},"author":1,"featured_media":331,"parent":0,"menu_order":0,"comment_status":"closed","ping_status":"closed","template":"","meta":[],"_links":{"self":[{"href":"https:\/\/brandtedelstahldach.de\/en\/wp-json\/wp\/v2\/pages\/1281"}],"collection":[{"href":"https:\/\/brandtedelstahldach.de\/en\/wp-json\/wp\/v2\/pages"}],"about":[{"href":"https:\/\/brandtedelstahldach.de\/en\/wp-json\/wp\/v2\/types\/page"}],"author":[{"embeddable":true,"href":"https:\/\/brandtedelstahldach.de\/en\/wp-json\/wp\/v2\/users\/1"}],"replies":[{"embeddable":true,"href":"https:\/\/brandtedelstahldach.de\/en\/wp-json\/wp\/v2\/comments?post=1281"}],"version-history":[{"count":39,"href":"https:\/\/brandtedelstahldach.de\/en\/wp-json\/wp\/v2\/pages\/1281\/revisions"}],"predecessor-version":[{"id":2201,"href":"https:\/\/brandtedelstahldach.de\/en\/wp-json\/wp\/v2\/pages\/1281\/revisions\/2201"}],"wp:featuredmedia":[{"embeddable":true,"href":"https:\/\/brandtedelstahldach.de\/en\/wp-json\/wp\/v2\/media\/331"}],"wp:attachment":[{"href":"https:\/\/brandtedelstahldach.de\/en\/wp-json\/wp\/v2\/media?parent=1281"}],"curies":[{"name":"wp","href":"https:\/\/api.w.org\/{rel}","templated":true}]}}