{"id":1097,"date":"2016-11-21T10:43:16","date_gmt":"2016-11-21T08:43:16","guid":{"rendered":"http:\/\/brandtedelstahldach.de\/?page_id=1097"},"modified":"2024-01-04T12:39:38","modified_gmt":"2024-01-04T10:39:38","slug":"edelstahl-baender-und-tafeln","status":"publish","type":"page","link":"https:\/\/brandtedelstahldach.de\/en\/dachentwaesserung-aus-edelstahl\/ferrinox-system\/edelstahl-baender-und-tafeln\/","title":{"rendered":"Edelstahl-B\u00e4nder"},"content":{"rendered":"<p class=\"qtranxs-available-languages-message qtranxs-available-languages-message-en\">Sorry, this entry is only available in <a href=\"https:\/\/brandtedelstahldach.de\/de\/wp-json\/wp\/v2\/pages\/1097\" class=\"qtranxs-available-language-link qtranxs-available-language-link-de\" title=\"Deutsch\">German<\/a>. For the sake of viewer convenience, the content is shown below in the alternative language. You may click the link to switch the active language.<\/p><a href=\"http:\/\/brandtedelstahldach.de\/wp-content\/uploads\/2016\/11\/band.jpg\"><img loading=\"lazy\" class=\"size-full wp-image-1100 alignnone\" src=\"http:\/\/brandtedelstahldach.de\/wp-content\/uploads\/2016\/11\/band.jpg\" alt=\"Edelstahlb\u00e4nder\" width=\"1000\" height=\"400\" srcset=\"https:\/\/brandtedelstahldach.de\/wp-content\/uploads\/2016\/11\/band.jpg 1000w, https:\/\/brandtedelstahldach.de\/wp-content\/uploads\/2016\/11\/band-300x120.jpg 300w, https:\/\/brandtedelstahldach.de\/wp-content\/uploads\/2016\/11\/band-768x307.jpg 768w\" sizes=\"(max-width: 1000px) 100vw, 1000px\" \/><\/a><\/p>\n<h1>Edelstahl-B\u00e4nder f\u00fcr Bauprojekte oder zur Eigenfertigung<\/h1>\n<h2>Diverse Zuschnitte, Materialst\u00e4rken, Gewichte, L\u00e4ngen und Qualit\u00e4ten zur Weiterverarbeitung<\/h2>\n<h3>als Kleincoilware sind auch Sonderformate m\u00f6glich, die wir extra f\u00fcr Sie produzieren k\u00f6nnen<\/h3>\n<h3>Kleincoils: ca. 75-100kg (25-50m)<\/h3>\n<p><strong>Oberfl\u00e4chen<\/strong><\/p>\n<ul>\n<li>verzinnt (1.4509 in 0,4 und 0,5mm, 1.4521 in 0,5mm)<\/li>\n<li>walzmattiert&nbsp;(1.4301 in 0,4 und 0,5mm, 1.4404 in 0,5mm)<\/li>\n<li>walzblank (1.4301 in 0,4 und 0,5mm, 1.4404 in 0,5mm)<\/li>\n<\/ul>\n<p><strong>Materialst\u00e4rken<\/strong><\/p>\n<ul>\n<li>0,4mm<\/li>\n<li>0,5mm<\/li>\n<\/ul>\n<p><strong>Zuschnitte (0,4mm)<br \/>\n<\/strong><\/p>\n<ul>\n<li>500mm &#8211; 50m &#8211; ca. 75kg<\/li>\n<li>580mm &#8211; 50m &#8211; ca. 87kg<\/li>\n<li>670mm &#8211; 30m &#8211; ca. 60kg<\/li>\n<li>800mm &#8211; 30m &#8211; ca. 75kg<\/li>\n<li>1000mm &#8211; 25m &#8211; ca. 75kg<\/li>\n<li>Sonderformate auf Anfrage<\/li>\n<\/ul>\n<p><strong>Zuschnitte (0,5mm)<br \/>\n<\/strong><\/p>\n<ul>\n<li>500mm &#8211; 30m &#8211; ca. 60kg<\/li>\n<li>580mm &#8211; 30m &#8211; ca. 70kg<\/li>\n<li>670mm &#8211; 30m &#8211; ca. 80kg<\/li>\n<li>800mm &#8211; 25m &#8211; ca. 80kg<\/li>\n<li>1000mm &#8211; 20m &#8211; ca. 80kg<\/li>\n<li>Sonderformate auf Anfrage<\/li>\n<\/ul>\n<h3><strong><br \/>\n<\/strong>Gro\u00dfcoils: ab 1.000kg<br \/>\nOberfl\u00e4che<\/h3>\n<ul>\n<li>verzinnt<\/li>\n<li>walzmattiert<\/li>\n<li>walzblank<\/li>\n<\/ul>\n<p><strong>Materialst\u00e4rken<\/strong><\/p>\n<ul>\n<li>0,4mm<\/li>\n<li>0,5mm<\/li>\n<\/ul>","protected":false},"excerpt":{"rendered":"<p>Sorry, this entry is only available in German. For the sake of viewer convenience, the content is shown below in the alternative language. You may click the link to switch the active language. Edelstahl-B\u00e4nder f\u00fcr Bauprojekte oder zur Eigenfertigung Diverse Zuschnitte, Materialst\u00e4rken, Gewichte, L\u00e4ngen und Qualit\u00e4ten zur Weiterverarbeitung als Kleincoilware sind auch Sonderformate m\u00f6glich, die [&hellip;]<\/p>\n","protected":false},"author":1,"featured_media":1100,"parent":47,"menu_order":0,"comment_status":"closed","ping_status":"closed","template":"","meta":[],"_links":{"self":[{"href":"https:\/\/brandtedelstahldach.de\/en\/wp-json\/wp\/v2\/pages\/1097"}],"collection":[{"href":"https:\/\/brandtedelstahldach.de\/en\/wp-json\/wp\/v2\/pages"}],"about":[{"href":"https:\/\/brandtedelstahldach.de\/en\/wp-json\/wp\/v2\/types\/page"}],"author":[{"embeddable":true,"href":"https:\/\/brandtedelstahldach.de\/en\/wp-json\/wp\/v2\/users\/1"}],"replies":[{"embeddable":true,"href":"https:\/\/brandtedelstahldach.de\/en\/wp-json\/wp\/v2\/comments?post=1097"}],"version-history":[{"count":14,"href":"https:\/\/brandtedelstahldach.de\/en\/wp-json\/wp\/v2\/pages\/1097\/revisions"}],"predecessor-version":[{"id":2002,"href":"https:\/\/brandtedelstahldach.de\/en\/wp-json\/wp\/v2\/pages\/1097\/revisions\/2002"}],"up":[{"embeddable":true,"href":"https:\/\/brandtedelstahldach.de\/en\/wp-json\/wp\/v2\/pages\/47"}],"wp:featuredmedia":[{"embeddable":true,"href":"https:\/\/brandtedelstahldach.de\/en\/wp-json\/wp\/v2\/media\/1100"}],"wp:attachment":[{"href":"https:\/\/brandtedelstahldach.de\/en\/wp-json\/wp\/v2\/media?parent=1097"}],"curies":[{"name":"wp","href":"https:\/\/api.w.org\/{rel}","templated":true}]}}